{"id":16024,"date":"2016-01-11T22:36:01","date_gmt":"2016-01-12T02:36:01","guid":{"rendered":"http:\/\/www.mglavocats.com\/en\/me-bourassa\/"},"modified":"2019-02-11T15:20:00","modified_gmt":"2019-02-11T19:20:00","slug":"me-bourassa","status":"publish","type":"page","link":"https:\/\/www.mhgavocats.com\/en\/team\/me-bourassa\/","title":{"rendered":"Me Ga\u00e9tan Bourassa"},"content":{"rendered":"<p>[vc_row row_type=&#8221;row&#8221; use_row_as_full_screen_section=&#8221;no&#8221; type=&#8221;grid&#8221; angled_section=&#8221;no&#8221; text_align=&#8221;left&#8221; background_image_as_pattern=&#8221;without_pattern&#8221; padding_top=&#8221;90&#8243; padding_bottom=&#8221;100&#8243; css_animation=&#8221;&#8221;][vc_column][vc_single_image image=&#8221;15896&#8243; img_size=&#8221;large&#8221; alignment=&#8221;center&#8221; style=&#8221;vc_box_shadow_border&#8221; qode_css_animation=&#8221;&#8221; el_class=&#8221;nicepic&#8221;][vc_separator type=&#8221;transparent&#8221; up=&#8221;50&#8243; down=&#8221;0&#8243;][vc_column_text css=&#8221;.vc_custom_1548701110139{padding-right: 18% !important;padding-left: 18% !important;}&#8221; el_class=&#8221;justify&#8221;]Admitted to the Quebec Bar in 1979, Me Bourassa debuted his career in private pracitce at his own firm (Bourassa &amp; Savoie). He subsequently joined the Community Legal Centre of Montreal in August 1982. Since his start, he actively became involved in representing his fellow colleagues as a representative of the Union of the lawyers of Montreal Legal Aid and even became the union president. In 1985, he assumed the post of director of the Office of Criminal and Penal Affairs, whether for the Municipal Court, the Quebec Court, on Appeal, or criminal trials and long-term trials, for more than 25 years.<\/p>\n<p>&nbsp;<\/p>\n<p>Through the years, he has continued to regularly exercise his profession as criminal defence counsel acting before all tribunals (Municipal Court, Quebec Court, Superior Court, Court of Appeal, and Federal Court), in Montreal and in the regions; he is also one of the rare permanent lawyers at CLCM to work full-time on special mandates from the Act Respecting Legal Aid and the Provision of Certain Other Legal Services, representing one of the co-accuseds arising from the SharQc file. He possesses a vast experience, notably in complex affairs, lengthy affairs, matters before a jury, and extradition.<\/p>\n<p>&nbsp;<\/p>\n<p>Recipient of the Robert Sachitele prize given to a lawyer for remarkable performance in the completion of a defense mandate, he also received, in 2013 by the Association des avocats de la defense de Montr\u00e9al, the L\u00e9o-Ren\u00e9 Maranda prize in honour of his career. For more than 20 years, he has been a member of various committees of the Montreal Bar, including that of the Court of Appeal for Quebec and, until his departure, that of the CLCM. He is also strongly appreciated by his clientele, judges, and his peers.<\/p>\n<p>&nbsp;<\/p>\n<p>After a brilliant career of more than 33 years at CLCM as a criminal defence lawyer, he has returned to his roots as a lawyer in private practice first at the firm Monterosso Giroux Lamoureux Avocats, s.n., and now at Bureau de Me Marie-H\u00e9l\u00e8ne Giroux Avocats Inc.[\/vc_column_text][vc_separator type=&#8221;small&#8221; position=&#8221;center&#8221; color=&#8221;#005375&#8243; up=&#8221;30&#8243;]<div class='q_team'><div class='q_team_inner'><div class='q_team_text' ><div class='q_team_text_inner'><div class='q_team_title_holder'><h3 class='q_team_name' style = ''><\/h3><\/div><\/div><div class='q_team_social_holder'><span class='q_social_icon_holder normal_social' data-color=#cccccc ><a itemprop='url' href='mailto:gaetan.bourassa@mhgavocats.com' target='_blank'><i class=\"qode_icon_font_awesome fa fa-envelope fa-2x simple_social\" style=\"color: #cccccc;\" ><\/i><\/a><\/span><\/div><\/div><\/div><\/div>[\/vc_column][\/vc_row]<\/p>\n","protected":false},"excerpt":{"rendered":"<p>[vc_row row_type=&#8221;row&#8221; use_row_as_full_screen_section=&#8221;no&#8221; type=&#8221;grid&#8221; angled_section=&#8221;no&#8221; text_align=&#8221;left&#8221; background_image_as_pattern=&#8221;without_pattern&#8221; padding_top=&#8221;90&#8243; padding_bottom=&#8221;100&#8243; css_animation=&#8221;&#8221;][vc_column][vc_single_image image=&#8221;15896&#8243; img_size=&#8221;large&#8221; alignment=&#8221;center&#8221; style=&#8221;vc_box_shadow_border&#8221; qode_css_animation=&#8221;&#8221; el_class=&#8221;nicepic&#8221;][vc_separator type=&#8221;transparent&#8221; up=&#8221;50&#8243; down=&#8221;0&#8243;][vc_column_text css=&#8221;.vc_custom_1548701110139{padding-right: 18% !important;padding-left: 18% !important;}&#8221; el_class=&#8221;justify&#8221;]Admitted to the Quebec Bar in 1979, Me Bourassa debuted his career in private pracitce at his own firm (Bourassa &amp;&#8230;<\/p>\n","protected":false},"author":1,"featured_media":0,"parent":16030,"menu_order":40,"comment_status":"closed","ping_status":"closed","template":"full_width.php","meta":[],"yoast_head":"<!-- This site is optimized with the Yoast SEO plugin v18.9 - https:\/\/yoast.com\/wordpress\/plugins\/seo\/ -->\n<title>Me Ga\u00e9tan Bourassa - Me Marie-H\u00e9l\u00e8ne Giroux lawyers, s.n.<\/title>\n<meta name=\"robots\" content=\"index, follow, max-snippet:-1, max-image-preview:large, max-video-preview:-1\" \/>\n<link rel=\"canonical\" href=\"https:\/\/www.mhgavocats.com\/en\/team\/me-bourassa\/\" \/>\n<meta property=\"og:locale\" content=\"en_US\" \/>\n<meta property=\"og:type\" content=\"article\" \/>\n<meta property=\"og:title\" content=\"Me Ga\u00e9tan Bourassa - Me Marie-H\u00e9l\u00e8ne Giroux lawyers, s.n.\" \/>\n<meta property=\"og:description\" content=\"[vc_row row_type=&#8221;row&#8221; use_row_as_full_screen_section=&#8221;no&#8221; type=&#8221;grid&#8221; angled_section=&#8221;no&#8221; text_align=&#8221;left&#8221; background_image_as_pattern=&#8221;without_pattern&#8221; padding_top=&#8221;90&#8243; padding_bottom=&#8221;100&#8243; css_animation=&#8221;&#8221;][vc_column][vc_single_image image=&#8221;15896&#8243; img_size=&#8221;large&#8221; alignment=&#8221;center&#8221; style=&#8221;vc_box_shadow_border&#8221; qode_css_animation=&#8221;&#8221; el_class=&#8221;nicepic&#8221;][vc_separator type=&#8221;transparent&#8221; up=&#8221;50&#8243; down=&#8221;0&#8243;][vc_column_text css=&#8221;.vc_custom_1548701110139{padding-right: 18% !important;padding-left: 18% !important;}&#8221; el_class=&#8221;justify&#8221;]Admitted to the Quebec Bar in 1979, Me Bourassa debuted his career in private pracitce at his own firm (Bourassa &amp;...\" \/>\n<meta property=\"og:url\" content=\"https:\/\/www.mhgavocats.com\/en\/team\/me-bourassa\/\" \/>\n<meta property=\"og:site_name\" content=\"Me Marie-H\u00e9l\u00e8ne Giroux lawyers, s.n.\" \/>\n<meta property=\"article:modified_time\" content=\"2019-02-11T19:20:00+00:00\" \/>\n<meta name=\"twitter:card\" content=\"summary\" \/>\n<meta name=\"twitter:label1\" content=\"Est. reading time\" \/>\n\t<meta name=\"twitter:data1\" content=\"2 minutes\" \/>\n<script type=\"application\/ld+json\" class=\"yoast-schema-graph\">{\"@context\":\"https:\/\/schema.org\",\"@graph\":[{\"@type\":\"WebSite\",\"@id\":\"https:\/\/www.mhgavocats.com\/en\/#website\",\"url\":\"https:\/\/www.mhgavocats.com\/en\/\",\"name\":\"Me Marie-H\u00e9l\u00e8ne Giroux lawyers, s.n.\",\"description\":\"Specialists in criminal and penal law.\",\"potentialAction\":[{\"@type\":\"SearchAction\",\"target\":{\"@type\":\"EntryPoint\",\"urlTemplate\":\"https:\/\/www.mhgavocats.com\/en\/?s={search_term_string}\"},\"query-input\":\"required name=search_term_string\"}],\"inLanguage\":\"en-US\"},{\"@type\":\"WebPage\",\"@id\":\"https:\/\/www.mhgavocats.com\/en\/team\/me-bourassa\/#webpage\",\"url\":\"https:\/\/www.mhgavocats.com\/en\/team\/me-bourassa\/\",\"name\":\"Me Ga\u00e9tan Bourassa - Me Marie-H\u00e9l\u00e8ne Giroux lawyers, s.n.\",\"isPartOf\":{\"@id\":\"https:\/\/www.mhgavocats.com\/en\/#website\"},\"datePublished\":\"2016-01-12T02:36:01+00:00\",\"dateModified\":\"2019-02-11T19:20:00+00:00\",\"breadcrumb\":{\"@id\":\"https:\/\/www.mhgavocats.com\/en\/team\/me-bourassa\/#breadcrumb\"},\"inLanguage\":\"en-US\",\"potentialAction\":[{\"@type\":\"ReadAction\",\"target\":[\"https:\/\/www.mhgavocats.com\/en\/team\/me-bourassa\/\"]}]},{\"@type\":\"BreadcrumbList\",\"@id\":\"https:\/\/www.mhgavocats.com\/en\/team\/me-bourassa\/#breadcrumb\",\"itemListElement\":[{\"@type\":\"ListItem\",\"position\":1,\"name\":\"Accueil\",\"item\":\"https:\/\/www.mhgavocats.com\/en\/\"},{\"@type\":\"ListItem\",\"position\":2,\"name\":\"Profile \/ Team\",\"item\":\"https:\/\/www.mhgavocats.com\/en\/team\/\"},{\"@type\":\"ListItem\",\"position\":3,\"name\":\"Me Ga\u00e9tan Bourassa\"}]}]}<\/script>\n<!-- \/ Yoast SEO plugin. -->","yoast_head_json":{"title":"Me Ga\u00e9tan Bourassa - Me Marie-H\u00e9l\u00e8ne Giroux lawyers, s.n.","robots":{"index":"index","follow":"follow","max-snippet":"max-snippet:-1","max-image-preview":"max-image-preview:large","max-video-preview":"max-video-preview:-1"},"canonical":"https:\/\/www.mhgavocats.com\/en\/team\/me-bourassa\/","og_locale":"en_US","og_type":"article","og_title":"Me Ga\u00e9tan Bourassa - Me Marie-H\u00e9l\u00e8ne Giroux lawyers, s.n.","og_description":"[vc_row row_type=&#8221;row&#8221; use_row_as_full_screen_section=&#8221;no&#8221; type=&#8221;grid&#8221; angled_section=&#8221;no&#8221; text_align=&#8221;left&#8221; background_image_as_pattern=&#8221;without_pattern&#8221; padding_top=&#8221;90&#8243; padding_bottom=&#8221;100&#8243; css_animation=&#8221;&#8221;][vc_column][vc_single_image image=&#8221;15896&#8243; img_size=&#8221;large&#8221; alignment=&#8221;center&#8221; style=&#8221;vc_box_shadow_border&#8221; qode_css_animation=&#8221;&#8221; el_class=&#8221;nicepic&#8221;][vc_separator type=&#8221;transparent&#8221; up=&#8221;50&#8243; down=&#8221;0&#8243;][vc_column_text css=&#8221;.vc_custom_1548701110139{padding-right: 18% !important;padding-left: 18% !important;}&#8221; el_class=&#8221;justify&#8221;]Admitted to the Quebec Bar in 1979, Me Bourassa debuted his career in private pracitce at his own firm (Bourassa &amp;...","og_url":"https:\/\/www.mhgavocats.com\/en\/team\/me-bourassa\/","og_site_name":"Me Marie-H\u00e9l\u00e8ne Giroux lawyers, s.n.","article_modified_time":"2019-02-11T19:20:00+00:00","twitter_card":"summary","twitter_misc":{"Est. reading time":"2 minutes"},"schema":{"@context":"https:\/\/schema.org","@graph":[{"@type":"WebSite","@id":"https:\/\/www.mhgavocats.com\/en\/#website","url":"https:\/\/www.mhgavocats.com\/en\/","name":"Me Marie-H\u00e9l\u00e8ne Giroux lawyers, s.n.","description":"Specialists in criminal and penal law.","potentialAction":[{"@type":"SearchAction","target":{"@type":"EntryPoint","urlTemplate":"https:\/\/www.mhgavocats.com\/en\/?s={search_term_string}"},"query-input":"required name=search_term_string"}],"inLanguage":"en-US"},{"@type":"WebPage","@id":"https:\/\/www.mhgavocats.com\/en\/team\/me-bourassa\/#webpage","url":"https:\/\/www.mhgavocats.com\/en\/team\/me-bourassa\/","name":"Me Ga\u00e9tan Bourassa - Me Marie-H\u00e9l\u00e8ne Giroux lawyers, s.n.","isPartOf":{"@id":"https:\/\/www.mhgavocats.com\/en\/#website"},"datePublished":"2016-01-12T02:36:01+00:00","dateModified":"2019-02-11T19:20:00+00:00","breadcrumb":{"@id":"https:\/\/www.mhgavocats.com\/en\/team\/me-bourassa\/#breadcrumb"},"inLanguage":"en-US","potentialAction":[{"@type":"ReadAction","target":["https:\/\/www.mhgavocats.com\/en\/team\/me-bourassa\/"]}]},{"@type":"BreadcrumbList","@id":"https:\/\/www.mhgavocats.com\/en\/team\/me-bourassa\/#breadcrumb","itemListElement":[{"@type":"ListItem","position":1,"name":"Accueil","item":"https:\/\/www.mhgavocats.com\/en\/"},{"@type":"ListItem","position":2,"name":"Profile \/ Team","item":"https:\/\/www.mhgavocats.com\/en\/team\/"},{"@type":"ListItem","position":3,"name":"Me Ga\u00e9tan Bourassa"}]}]}},"_links":{"self":[{"href":"https:\/\/www.mhgavocats.com\/en\/wp-json\/wp\/v2\/pages\/16024"}],"collection":[{"href":"https:\/\/www.mhgavocats.com\/en\/wp-json\/wp\/v2\/pages"}],"about":[{"href":"https:\/\/www.mhgavocats.com\/en\/wp-json\/wp\/v2\/types\/page"}],"author":[{"embeddable":true,"href":"https:\/\/www.mhgavocats.com\/en\/wp-json\/wp\/v2\/users\/1"}],"replies":[{"embeddable":true,"href":"https:\/\/www.mhgavocats.com\/en\/wp-json\/wp\/v2\/comments?post=16024"}],"version-history":[{"count":6,"href":"https:\/\/www.mhgavocats.com\/en\/wp-json\/wp\/v2\/pages\/16024\/revisions"}],"predecessor-version":[{"id":16329,"href":"https:\/\/www.mhgavocats.com\/en\/wp-json\/wp\/v2\/pages\/16024\/revisions\/16329"}],"up":[{"embeddable":true,"href":"https:\/\/www.mhgavocats.com\/en\/wp-json\/wp\/v2\/pages\/16030"}],"wp:attachment":[{"href":"https:\/\/www.mhgavocats.com\/en\/wp-json\/wp\/v2\/media?parent=16024"}],"curies":[{"name":"wp","href":"https:\/\/api.w.org\/{rel}","templated":true}]}}