{"id":16031,"date":"2015-12-10T11:09:47","date_gmt":"2015-12-10T15:09:47","guid":{"rendered":"http:\/\/www.mglavocats.com\/en\/equipe\/me-giroux\/"},"modified":"2019-01-28T14:27:28","modified_gmt":"2019-01-28T18:27:28","slug":"me-giroux","status":"publish","type":"page","link":"https:\/\/www.mhgavocats.com\/en\/team\/me-giroux\/","title":{"rendered":"Me Marie-H\u00e9l\u00e8ne Giroux"},"content":{"rendered":"<p>[vc_row row_type=&#8221;row&#8221; use_row_as_full_screen_section=&#8221;no&#8221; type=&#8221;grid&#8221; angled_section=&#8221;no&#8221; text_align=&#8221;left&#8221; background_image_as_pattern=&#8221;without_pattern&#8221; padding_top=&#8221;90&#8243; padding_bottom=&#8221;100&#8243; css_animation=&#8221;&#8221;][vc_column][vc_single_image image=&#8221;15861&#8243; img_size=&#8221;large&#8221; alignment=&#8221;center&#8221; style=&#8221;vc_box_shadow_border&#8221; qode_css_animation=&#8221;&#8221; el_class=&#8221;nice-pic pic-profil&#8221;][vc_separator type=&#8221;transparent&#8221; up=&#8221;50&#8243; down=&#8221;0&#8243;][vc_column_text css=&#8221;.vc_custom_1548699973624{padding-right: 18% !important;padding-left: 18% !important;}&#8221; el_class=&#8221;justify&#8221;]Criminal defence lawyer, admitted to the Quebec Bar in 1989, Me Giroux holds a Doctor of Law from the University of Montreal.<\/p>\n<p>&nbsp;<\/p>\n<p>She has a strong practical experience and principally works in criminal law. She also works in immigration law.<\/p>\n<p>&nbsp;<\/p>\n<p>A founding partner of the firm Monterosso Giroux Avocats, which she founded in 2004, Me Giroux now directs the firm Marie-H\u00e9l\u00e8ne Giroux Avocats since the retirement of Me Monterosso. She possesses a real expertise in criminal matters, particularly in matters of murder and serious criminality, organised crime, extradition, economic and financial crimes, as well as on appeal before the Court of Appeal and the Supreme Court, and in extraordinary remedies.<\/p>\n<p>&nbsp;<\/p>\n<p>She was a prosecutor with the Bureau de lutte \u00e0 la corruption et \u00e0 la malversion of the Director of penal and criminal prosecutions from 2012 to 2015, where she piloted major files in matters of fraud and corruption. Since 1995, she teaches as a course lecturer at the Faculty of law at the University of Montreal.<\/p>\n<p>&nbsp;<\/p>\n<p>In 2011, she received the Robert Sachitele prize, given to the lawyer who gave a remarkable performance in the accomplishment of a mandate of defence.<\/p>\n<p>&nbsp;<\/p>\n<p>Me Giroux possesses an uncommon energy and a remarkable sense of leadership. She fulfills all mandates given to her in accordance with high standards of quality and great professionalism.[\/vc_column_text][vc_separator type=&#8221;small&#8221; position=&#8221;center&#8221; color=&#8221;#005375&#8243; up=&#8221;30&#8243;]<div class='q_team'><div class='q_team_inner'><div class='q_team_text' ><div class='q_team_text_inner'><div class='q_team_title_holder'><h3 class='q_team_name' style = ''><\/h3><\/div><\/div><div class='q_team_social_holder'><span class='q_social_icon_holder normal_social' data-color=#cccccc ><a itemprop='url' href='https:\/\/ca.linkedin.com\/in\/marie-helene-giroux-33b15598' target='_blank'><i class=\"qode_icon_font_awesome fa fa-linkedin fa-2x simple_social\" style=\"color: #cccccc;\" ><\/i><\/a><\/span><span class='q_social_icon_holder normal_social' data-color=#cccccc ><a itemprop='url' href='mailto:mariehelene.giroux@mhgavocats.com ' target='_blank'><i class=\"qode_icon_font_awesome fa fa-envelope fa-2x simple_social\" style=\"color: #cccccc;\" ><\/i><\/a><\/span><\/div><\/div><\/div><\/div>[\/vc_column][\/vc_row]<\/p>\n","protected":false},"excerpt":{"rendered":"<p>[vc_row row_type=&#8221;row&#8221; use_row_as_full_screen_section=&#8221;no&#8221; type=&#8221;grid&#8221; angled_section=&#8221;no&#8221; text_align=&#8221;left&#8221; background_image_as_pattern=&#8221;without_pattern&#8221; padding_top=&#8221;90&#8243; padding_bottom=&#8221;100&#8243; css_animation=&#8221;&#8221;][vc_column][vc_single_image image=&#8221;15861&#8243; img_size=&#8221;large&#8221; alignment=&#8221;center&#8221; style=&#8221;vc_box_shadow_border&#8221; qode_css_animation=&#8221;&#8221; el_class=&#8221;nice-pic pic-profil&#8221;][vc_separator type=&#8221;transparent&#8221; up=&#8221;50&#8243; down=&#8221;0&#8243;][vc_column_text css=&#8221;.vc_custom_1548699973624{padding-right: 18% !important;padding-left: 18% !important;}&#8221; el_class=&#8221;justify&#8221;]Criminal defence lawyer, admitted to the Quebec Bar in 1989, Me Giroux holds a Doctor of Law from the University&#8230;<\/p>\n","protected":false},"author":1,"featured_media":0,"parent":16030,"menu_order":0,"comment_status":"closed","ping_status":"closed","template":"full_width.php","meta":[],"yoast_head":"<!-- This site is optimized with the Yoast SEO plugin v18.9 - https:\/\/yoast.com\/wordpress\/plugins\/seo\/ -->\n<title>Me Marie-H\u00e9l\u00e8ne Giroux - Me Marie-H\u00e9l\u00e8ne Giroux lawyers, s.n.<\/title>\n<meta name=\"robots\" content=\"index, follow, max-snippet:-1, max-image-preview:large, max-video-preview:-1\" \/>\n<link rel=\"canonical\" href=\"https:\/\/www.mhgavocats.com\/en\/team\/me-giroux\/\" \/>\n<meta property=\"og:locale\" content=\"en_US\" \/>\n<meta property=\"og:type\" content=\"article\" \/>\n<meta property=\"og:title\" content=\"Me Marie-H\u00e9l\u00e8ne Giroux - Me Marie-H\u00e9l\u00e8ne Giroux lawyers, s.n.\" \/>\n<meta property=\"og:description\" content=\"[vc_row row_type=&#8221;row&#8221; use_row_as_full_screen_section=&#8221;no&#8221; type=&#8221;grid&#8221; angled_section=&#8221;no&#8221; text_align=&#8221;left&#8221; background_image_as_pattern=&#8221;without_pattern&#8221; padding_top=&#8221;90&#8243; padding_bottom=&#8221;100&#8243; css_animation=&#8221;&#8221;][vc_column][vc_single_image image=&#8221;15861&#8243; img_size=&#8221;large&#8221; alignment=&#8221;center&#8221; style=&#8221;vc_box_shadow_border&#8221; qode_css_animation=&#8221;&#8221; el_class=&#8221;nice-pic pic-profil&#8221;][vc_separator type=&#8221;transparent&#8221; up=&#8221;50&#8243; down=&#8221;0&#8243;][vc_column_text css=&#8221;.vc_custom_1548699973624{padding-right: 18% !important;padding-left: 18% !important;}&#8221; el_class=&#8221;justify&#8221;]Criminal defence lawyer, admitted to the Quebec Bar in 1989, Me Giroux holds a Doctor of Law from the University...\" \/>\n<meta property=\"og:url\" content=\"https:\/\/www.mhgavocats.com\/en\/team\/me-giroux\/\" \/>\n<meta property=\"og:site_name\" content=\"Me Marie-H\u00e9l\u00e8ne Giroux lawyers, s.n.\" \/>\n<meta property=\"article:modified_time\" content=\"2019-01-28T18:27:28+00:00\" \/>\n<meta name=\"twitter:card\" content=\"summary\" \/>\n<meta name=\"twitter:label1\" content=\"Est. reading time\" \/>\n\t<meta name=\"twitter:data1\" content=\"2 minutes\" \/>\n<script type=\"application\/ld+json\" class=\"yoast-schema-graph\">{\"@context\":\"https:\/\/schema.org\",\"@graph\":[{\"@type\":\"WebSite\",\"@id\":\"https:\/\/www.mhgavocats.com\/en\/#website\",\"url\":\"https:\/\/www.mhgavocats.com\/en\/\",\"name\":\"Me Marie-H\u00e9l\u00e8ne Giroux lawyers, s.n.\",\"description\":\"Specialists in criminal and penal law.\",\"potentialAction\":[{\"@type\":\"SearchAction\",\"target\":{\"@type\":\"EntryPoint\",\"urlTemplate\":\"https:\/\/www.mhgavocats.com\/en\/?s={search_term_string}\"},\"query-input\":\"required name=search_term_string\"}],\"inLanguage\":\"en-US\"},{\"@type\":\"WebPage\",\"@id\":\"https:\/\/www.mhgavocats.com\/en\/team\/me-giroux\/#webpage\",\"url\":\"https:\/\/www.mhgavocats.com\/en\/team\/me-giroux\/\",\"name\":\"Me Marie-H\u00e9l\u00e8ne Giroux - Me Marie-H\u00e9l\u00e8ne Giroux lawyers, s.n.\",\"isPartOf\":{\"@id\":\"https:\/\/www.mhgavocats.com\/en\/#website\"},\"datePublished\":\"2015-12-10T15:09:47+00:00\",\"dateModified\":\"2019-01-28T18:27:28+00:00\",\"breadcrumb\":{\"@id\":\"https:\/\/www.mhgavocats.com\/en\/team\/me-giroux\/#breadcrumb\"},\"inLanguage\":\"en-US\",\"potentialAction\":[{\"@type\":\"ReadAction\",\"target\":[\"https:\/\/www.mhgavocats.com\/en\/team\/me-giroux\/\"]}]},{\"@type\":\"BreadcrumbList\",\"@id\":\"https:\/\/www.mhgavocats.com\/en\/team\/me-giroux\/#breadcrumb\",\"itemListElement\":[{\"@type\":\"ListItem\",\"position\":1,\"name\":\"Accueil\",\"item\":\"https:\/\/www.mhgavocats.com\/en\/\"},{\"@type\":\"ListItem\",\"position\":2,\"name\":\"Profile \/ Team\",\"item\":\"https:\/\/www.mhgavocats.com\/en\/team\/\"},{\"@type\":\"ListItem\",\"position\":3,\"name\":\"Me Marie-H\u00e9l\u00e8ne Giroux\"}]}]}<\/script>\n<!-- \/ Yoast SEO plugin. -->","yoast_head_json":{"title":"Me Marie-H\u00e9l\u00e8ne Giroux - Me Marie-H\u00e9l\u00e8ne Giroux lawyers, s.n.","robots":{"index":"index","follow":"follow","max-snippet":"max-snippet:-1","max-image-preview":"max-image-preview:large","max-video-preview":"max-video-preview:-1"},"canonical":"https:\/\/www.mhgavocats.com\/en\/team\/me-giroux\/","og_locale":"en_US","og_type":"article","og_title":"Me Marie-H\u00e9l\u00e8ne Giroux - Me Marie-H\u00e9l\u00e8ne Giroux lawyers, s.n.","og_description":"[vc_row row_type=&#8221;row&#8221; use_row_as_full_screen_section=&#8221;no&#8221; type=&#8221;grid&#8221; angled_section=&#8221;no&#8221; text_align=&#8221;left&#8221; background_image_as_pattern=&#8221;without_pattern&#8221; padding_top=&#8221;90&#8243; padding_bottom=&#8221;100&#8243; css_animation=&#8221;&#8221;][vc_column][vc_single_image image=&#8221;15861&#8243; img_size=&#8221;large&#8221; alignment=&#8221;center&#8221; style=&#8221;vc_box_shadow_border&#8221; qode_css_animation=&#8221;&#8221; el_class=&#8221;nice-pic pic-profil&#8221;][vc_separator type=&#8221;transparent&#8221; up=&#8221;50&#8243; down=&#8221;0&#8243;][vc_column_text css=&#8221;.vc_custom_1548699973624{padding-right: 18% !important;padding-left: 18% !important;}&#8221; el_class=&#8221;justify&#8221;]Criminal defence lawyer, admitted to the Quebec Bar in 1989, Me Giroux holds a Doctor of Law from the University...","og_url":"https:\/\/www.mhgavocats.com\/en\/team\/me-giroux\/","og_site_name":"Me Marie-H\u00e9l\u00e8ne Giroux lawyers, s.n.","article_modified_time":"2019-01-28T18:27:28+00:00","twitter_card":"summary","twitter_misc":{"Est. reading time":"2 minutes"},"schema":{"@context":"https:\/\/schema.org","@graph":[{"@type":"WebSite","@id":"https:\/\/www.mhgavocats.com\/en\/#website","url":"https:\/\/www.mhgavocats.com\/en\/","name":"Me Marie-H\u00e9l\u00e8ne Giroux lawyers, s.n.","description":"Specialists in criminal and penal law.","potentialAction":[{"@type":"SearchAction","target":{"@type":"EntryPoint","urlTemplate":"https:\/\/www.mhgavocats.com\/en\/?s={search_term_string}"},"query-input":"required name=search_term_string"}],"inLanguage":"en-US"},{"@type":"WebPage","@id":"https:\/\/www.mhgavocats.com\/en\/team\/me-giroux\/#webpage","url":"https:\/\/www.mhgavocats.com\/en\/team\/me-giroux\/","name":"Me Marie-H\u00e9l\u00e8ne Giroux - Me Marie-H\u00e9l\u00e8ne Giroux lawyers, s.n.","isPartOf":{"@id":"https:\/\/www.mhgavocats.com\/en\/#website"},"datePublished":"2015-12-10T15:09:47+00:00","dateModified":"2019-01-28T18:27:28+00:00","breadcrumb":{"@id":"https:\/\/www.mhgavocats.com\/en\/team\/me-giroux\/#breadcrumb"},"inLanguage":"en-US","potentialAction":[{"@type":"ReadAction","target":["https:\/\/www.mhgavocats.com\/en\/team\/me-giroux\/"]}]},{"@type":"BreadcrumbList","@id":"https:\/\/www.mhgavocats.com\/en\/team\/me-giroux\/#breadcrumb","itemListElement":[{"@type":"ListItem","position":1,"name":"Accueil","item":"https:\/\/www.mhgavocats.com\/en\/"},{"@type":"ListItem","position":2,"name":"Profile \/ Team","item":"https:\/\/www.mhgavocats.com\/en\/team\/"},{"@type":"ListItem","position":3,"name":"Me Marie-H\u00e9l\u00e8ne Giroux"}]}]}},"_links":{"self":[{"href":"https:\/\/www.mhgavocats.com\/en\/wp-json\/wp\/v2\/pages\/16031"}],"collection":[{"href":"https:\/\/www.mhgavocats.com\/en\/wp-json\/wp\/v2\/pages"}],"about":[{"href":"https:\/\/www.mhgavocats.com\/en\/wp-json\/wp\/v2\/types\/page"}],"author":[{"embeddable":true,"href":"https:\/\/www.mhgavocats.com\/en\/wp-json\/wp\/v2\/users\/1"}],"replies":[{"embeddable":true,"href":"https:\/\/www.mhgavocats.com\/en\/wp-json\/wp\/v2\/comments?post=16031"}],"version-history":[{"count":5,"href":"https:\/\/www.mhgavocats.com\/en\/wp-json\/wp\/v2\/pages\/16031\/revisions"}],"predecessor-version":[{"id":16289,"href":"https:\/\/www.mhgavocats.com\/en\/wp-json\/wp\/v2\/pages\/16031\/revisions\/16289"}],"up":[{"embeddable":true,"href":"https:\/\/www.mhgavocats.com\/en\/wp-json\/wp\/v2\/pages\/16030"}],"wp:attachment":[{"href":"https:\/\/www.mhgavocats.com\/en\/wp-json\/wp\/v2\/media?parent=16031"}],"curies":[{"name":"wp","href":"https:\/\/api.w.org\/{rel}","templated":true}]}}