{"id":16038,"date":"2015-05-06T14:14:21","date_gmt":"2015-05-06T18:14:21","guid":{"rendered":"http:\/\/www.mglavocats.com\/en\/actualites\/"},"modified":"2016-01-25T11:39:44","modified_gmt":"2016-01-25T15:39:44","slug":"news","status":"publish","type":"page","link":"https:\/\/www.mhgavocats.com\/en\/news\/","title":{"rendered":"News"},"content":{"rendered":"<p>[vc_row row_type=&#8221;row&#8221; use_row_as_full_screen_section=&#8221;no&#8221; type=&#8221;full_width&#8221; angled_section=&#8221;no&#8221; text_align=&#8221;left&#8221; background_image_as_pattern=&#8221;without_pattern&#8221; css_animation=&#8221;&#8221;][vc_column]\n<div class='latest_post_holder boxes two_columns four_rows' >\n    <ul>\n    \n        <li class=\"clearfix\">\n            <div class=\"boxes_image\">\n                <a itemprop=\"url\" href=\"https:\/\/www.mhgavocats.com\/en\/une-mere-de-famille-bientot-extradee\/\"><img width=\"539\" height=\"303\" src=\"https:\/\/www.mhgavocats.com\/wp-content\/uploads\/2013\/10\/Screenshot_1-539x303.png\" class=\"attachment-latest_post_boxes size-latest_post_boxes wp-post-image\" alt=\"\" loading=\"lazy\" srcset=\"https:\/\/www.mhgavocats.com\/wp-content\/uploads\/2013\/10\/Screenshot_1-539x303.png 539w, https:\/\/www.mhgavocats.com\/wp-content\/uploads\/2013\/10\/Screenshot_1-300x169.png 300w, https:\/\/www.mhgavocats.com\/wp-content\/uploads\/2013\/10\/Screenshot_1.png 626w\" sizes=\"(max-width: 539px) 100vw, 539px\" \/><\/a>\n            <\/div>\n            <div class=\"latest_post\"  >\n                <div class=\"latest_post_text\">\n                    <div class=\"latest_post_inner\">\n                        <div class=\"latest_post_text_inner\">\n                            <h5 itemprop=\"name\" class=\"latest_post_title entry_title\"><a itemprop=\"url\" href=\"https:\/\/www.mhgavocats.com\/en\/une-mere-de-famille-bientot-extradee\/\">Une m\u00e8re de famille bient\u00f4t extrad\u00e9e<\/a><\/h5>\n                            <p itemprop=\"description\" class=\"excerpt\">Une m\u00e8re de famille qu\u00e9b\u00e9coise sera extrad\u00e9e vers les \u00c9tats-Unis pour faire face \u00e0 la justice pour avoir kidnapp\u00e9 ses enfants en 2009. Elle dit avoir voulu prot\u00e9ger ses enfants d\u2019un p\u00e8re violent. Son r\u00e9cit avec Normand Grondin....<\/p>\n                            <span class=\"post_infos\">\n                                                                    <span class=\"date_hour_holder\">\n                                        <span itemprop=\"dateCreated\" class=\"date entry_date updated\">17 December, 2015 <meta itemprop=\"interactionCount\" content=\"UserComments: 0\"\/><\/span>\n                                    <\/span>\n                                                                                                \n                                \n                                                            <\/span>\n                        <\/div>\n                    <\/div>\n                <\/div>\n            <\/div>\n        <\/li>\n    \n        <li class=\"clearfix\">\n            <div class=\"boxes_image\">\n                <a itemprop=\"url\" href=\"https:\/\/www.mhgavocats.com\/en\/les-champions-plaideurs-de-la-cour-supreme\/\"><img width=\"539\" height=\"303\" src=\"https:\/\/www.mhgavocats.com\/wp-content\/uploads\/2015\/12\/Screenshot_x1-539x303.png\" class=\"attachment-latest_post_boxes size-latest_post_boxes wp-post-image\" alt=\"\" loading=\"lazy\" \/><\/a>\n            <\/div>\n            <div class=\"latest_post\"  >\n                <div class=\"latest_post_text\">\n                    <div class=\"latest_post_inner\">\n                        <div class=\"latest_post_text_inner\">\n                            <h5 itemprop=\"name\" class=\"latest_post_title entry_title\"><a itemprop=\"url\" href=\"https:\/\/www.mhgavocats.com\/en\/les-champions-plaideurs-de-la-cour-supreme\/\">Les champions plaideurs de la Cour supr\u00eame<\/a><\/h5>\n                            <p itemprop=\"description\" class=\"excerpt\">Plaider devant la Cour supr\u00eame est un privil\u00e8ge pour certains. Pour d'autres, c'est presque devenu une habitude. Voici le classement des avocats qui sont le plus intervenus devant la plus haute juridiction\u2026...<\/p>\n                            <span class=\"post_infos\">\n                                                                    <span class=\"date_hour_holder\">\n                                        <span itemprop=\"dateCreated\" class=\"date entry_date updated\">01 December, 2015 <meta itemprop=\"interactionCount\" content=\"UserComments: 0\"\/><\/span>\n                                    <\/span>\n                                                                                                \n                                \n                                                            <\/span>\n                        <\/div>\n                    <\/div>\n                <\/div>\n            <\/div>\n        <\/li>\n    \n        <li class=\"clearfix\">\n            <div class=\"boxes_image\">\n                <a itemprop=\"url\" href=\"https:\/\/www.mhgavocats.com\/en\/une-procureure-demissionne\/\"><img width=\"539\" height=\"303\" src=\"https:\/\/www.mhgavocats.com\/wp-content\/uploads\/2016\/01\/Screenshot_1d-539x303.png\" class=\"attachment-latest_post_boxes size-latest_post_boxes wp-post-image\" alt=\"\" loading=\"lazy\" \/><\/a>\n            <\/div>\n            <div class=\"latest_post\"  >\n                <div class=\"latest_post_text\">\n                    <div class=\"latest_post_inner\">\n                        <div class=\"latest_post_text_inner\">\n                            <h5 itemprop=\"name\" class=\"latest_post_title entry_title\"><a itemprop=\"url\" href=\"https:\/\/www.mhgavocats.com\/en\/une-procureure-demissionne\/\">Une procureure d\u00e9missionne<\/a><\/h5>\n                            <p itemprop=\"description\" class=\"excerpt\">La procureure en charge du dossier de l\u2019ex maire Applebaum et du groupe d\u2019accus\u00e9s dans l\u2019affaire du Centre universitaire de sant\u00e9 McGill a d\u00e9missionn\u00e9. Que se passe-t-il au DPCP?...<\/p>\n                            <span class=\"post_infos\">\n                                                                    <span class=\"date_hour_holder\">\n                                        <span itemprop=\"dateCreated\" class=\"date entry_date updated\">29 October, 2015 <meta itemprop=\"interactionCount\" content=\"UserComments: 0\"\/><\/span>\n                                    <\/span>\n                                                                                                \n                                \n                                                            <\/span>\n                        <\/div>\n                    <\/div>\n                <\/div>\n            <\/div>\n        <\/li>\n    \n        <li class=\"clearfix\">\n            <div class=\"boxes_image\">\n                <a itemprop=\"url\" href=\"https:\/\/www.mhgavocats.com\/en\/r-c-venneri\/\"><img width=\"539\" height=\"303\" src=\"https:\/\/www.mhgavocats.com\/wp-content\/uploads\/2016\/01\/venerri-539x303.png\" class=\"attachment-latest_post_boxes size-latest_post_boxes wp-post-image\" alt=\"\" loading=\"lazy\" \/><\/a>\n            <\/div>\n            <div class=\"latest_post\"  >\n                <div class=\"latest_post_text\">\n                    <div class=\"latest_post_inner\">\n                        <div class=\"latest_post_text_inner\">\n                            <h5 itemprop=\"name\" class=\"latest_post_title entry_title\"><a itemprop=\"url\" href=\"https:\/\/www.mhgavocats.com\/en\/r-c-venneri\/\">R. c. Venneri<\/a><\/h5>\n                            <p itemprop=\"description\" class=\"excerpt\">Lire l&#8217;article int\u00e9gral : http:\/\/canlii.ca\/t\/frxxn &nbsp; &nbsp;...<\/p>\n                            <span class=\"post_infos\">\n                                                                    <span class=\"date_hour_holder\">\n                                        <span itemprop=\"dateCreated\" class=\"date entry_date updated\">06 July, 2012 <meta itemprop=\"interactionCount\" content=\"UserComments: 0\"\/><\/span>\n                                    <\/span>\n                                                                                                \n                                \n                                                            <\/span>\n                        <\/div>\n                    <\/div>\n                <\/div>\n            <\/div>\n        <\/li>\n    \n        <li class=\"clearfix\">\n            <div class=\"boxes_image\">\n                <a itemprop=\"url\" href=\"https:\/\/www.mhgavocats.com\/en\/nemeth-c-canada-justice\/\"><img width=\"539\" height=\"303\" src=\"https:\/\/www.mhgavocats.com\/wp-content\/uploads\/2012\/01\/Nemeth-539x303.png\" class=\"attachment-latest_post_boxes size-latest_post_boxes wp-post-image\" alt=\"\" loading=\"lazy\" \/><\/a>\n            <\/div>\n            <div class=\"latest_post\"  >\n                <div class=\"latest_post_text\">\n                    <div class=\"latest_post_inner\">\n                        <div class=\"latest_post_text_inner\">\n                            <h5 itemprop=\"name\" class=\"latest_post_title entry_title\"><a itemprop=\"url\" href=\"https:\/\/www.mhgavocats.com\/en\/nemeth-c-canada-justice\/\">N\u00e9meth c. Canada (Justice)<\/a><\/h5>\n                            <p itemprop=\"description\" class=\"excerpt\">Lire l&#8217;article int\u00e9gral : http:\/\/canlii.ca\/t\/2djlk...<\/p>\n                            <span class=\"post_infos\">\n                                                                    <span class=\"date_hour_holder\">\n                                        <span itemprop=\"dateCreated\" class=\"date entry_date updated\">18 January, 2012 <meta itemprop=\"interactionCount\" content=\"UserComments: 0\"\/><\/span>\n                                    <\/span>\n                                                                                                \n                                \n                                                            <\/span>\n                        <\/div>\n                    <\/div>\n                <\/div>\n            <\/div>\n        <\/li>\n    \n        <li class=\"clearfix\">\n            <div class=\"boxes_image\">\n                <a itemprop=\"url\" href=\"https:\/\/www.mhgavocats.com\/en\/arias-jackson\/\"><img width=\"539\" height=\"303\" src=\"https:\/\/www.mhgavocats.com\/wp-content\/uploads\/2007\/01\/Screenshot_2-539x303.png\" class=\"attachment-latest_post_boxes size-latest_post_boxes wp-post-image\" alt=\"\" loading=\"lazy\" \/><\/a>\n            <\/div>\n            <div class=\"latest_post\"  >\n                <div class=\"latest_post_text\">\n                    <div class=\"latest_post_inner\">\n                        <div class=\"latest_post_text_inner\">\n                            <h5 itemprop=\"name\" class=\"latest_post_title entry_title\"><a itemprop=\"url\" href=\"https:\/\/www.mhgavocats.com\/en\/arias-jackson\/\">Arias-Jackson<\/a><\/h5>\n                            <p itemprop=\"description\" class=\"excerpt\">Lire l&#8217;article int\u00e9gral : https:\/\/www.canlii.org\/canlii-dynamic\/fr\/ca\/csc\/doc\/2007\/2007csc52\/2007csc52.html...<\/p>\n                            <span class=\"post_infos\">\n                                                                    <span class=\"date_hour_holder\">\n                                        <span itemprop=\"dateCreated\" class=\"date entry_date updated\">24 January, 2007 <meta itemprop=\"interactionCount\" content=\"UserComments: 0\"\/><\/span>\n                                    <\/span>\n                                                                                                \n                                \n                                                            <\/span>\n                        <\/div>\n                    <\/div>\n                <\/div>\n            <\/div>\n        <\/li>\n    \n        <li class=\"clearfix\">\n            <div class=\"boxes_image\">\n                <a itemprop=\"url\" href=\"https:\/\/www.mhgavocats.com\/en\/marc-c-r\/\"><img width=\"539\" height=\"303\" src=\"https:\/\/www.mhgavocats.com\/wp-content\/uploads\/2016\/01\/Screenshot_1-539x303.png\" class=\"attachment-latest_post_boxes size-latest_post_boxes wp-post-image\" alt=\"\" loading=\"lazy\" \/><\/a>\n            <\/div>\n            <div class=\"latest_post\"  >\n                <div class=\"latest_post_text\">\n                    <div class=\"latest_post_inner\">\n                        <div class=\"latest_post_text_inner\">\n                            <h5 itemprop=\"name\" class=\"latest_post_title entry_title\"><a itemprop=\"url\" href=\"https:\/\/www.mhgavocats.com\/en\/marc-c-r\/\">Marc C. R<\/a><\/h5>\n                            <p itemprop=\"description\" class=\"excerpt\">Lire l&#8217;article int\u00e9gral : http:\/\/canlii.ca\/t\/1md4r...<\/p>\n                            <span class=\"post_infos\">\n                                                                    <span class=\"date_hour_holder\">\n                                        <span itemprop=\"dateCreated\" class=\"date entry_date updated\">16 January, 2006 <meta itemprop=\"interactionCount\" content=\"UserComments: 0\"\/><\/span>\n                                    <\/span>\n                                                                                                \n                                \n                                                            <\/span>\n                        <\/div>\n                    <\/div>\n                <\/div>\n            <\/div>\n        <\/li>\n        <\/ul>\n<\/div>[\/vc_column][\/vc_row]<\/p>\n","protected":false},"excerpt":{"rendered":"<p>[vc_row row_type=&#8221;row&#8221; use_row_as_full_screen_section=&#8221;no&#8221; type=&#8221;full_width&#8221; angled_section=&#8221;no&#8221; text_align=&#8221;left&#8221; background_image_as_pattern=&#8221;without_pattern&#8221; css_animation=&#8221;&#8221;][vc_column][\/vc_column][\/vc_row]<\/p>\n","protected":false},"author":1,"featured_media":0,"parent":0,"menu_order":0,"comment_status":"closed","ping_status":"closed","template":"","meta":[],"yoast_head":"<!-- This site is optimized with the Yoast SEO plugin v18.9 - https:\/\/yoast.com\/wordpress\/plugins\/seo\/ -->\n<title>News - Me Marie-H\u00e9l\u00e8ne Giroux lawyers, s.n.<\/title>\n<meta name=\"robots\" content=\"index, follow, max-snippet:-1, max-image-preview:large, max-video-preview:-1\" \/>\n<link rel=\"canonical\" href=\"https:\/\/www.mhgavocats.com\/en\/news\/\" \/>\n<meta property=\"og:locale\" content=\"en_US\" \/>\n<meta property=\"og:type\" content=\"article\" \/>\n<meta property=\"og:title\" content=\"News - Me Marie-H\u00e9l\u00e8ne Giroux lawyers, s.n.\" \/>\n<meta property=\"og:description\" content=\"[vc_row row_type=&#8221;row&#8221; use_row_as_full_screen_section=&#8221;no&#8221; type=&#8221;full_width&#8221; angled_section=&#8221;no&#8221; text_align=&#8221;left&#8221; background_image_as_pattern=&#8221;without_pattern&#8221; css_animation=&#8221;&#8221;][vc_column][\/vc_column][\/vc_row]\" \/>\n<meta property=\"og:url\" content=\"https:\/\/www.mhgavocats.com\/en\/news\/\" \/>\n<meta property=\"og:site_name\" content=\"Me Marie-H\u00e9l\u00e8ne Giroux lawyers, s.n.\" \/>\n<meta property=\"article:modified_time\" content=\"2016-01-25T15:39:44+00:00\" \/>\n<meta name=\"twitter:card\" content=\"summary\" \/>\n<script type=\"application\/ld+json\" class=\"yoast-schema-graph\">{\"@context\":\"https:\/\/schema.org\",\"@graph\":[{\"@type\":\"WebSite\",\"@id\":\"https:\/\/www.mhgavocats.com\/en\/#website\",\"url\":\"https:\/\/www.mhgavocats.com\/en\/\",\"name\":\"Me Marie-H\u00e9l\u00e8ne Giroux lawyers, s.n.\",\"description\":\"Specialists in criminal and penal law.\",\"potentialAction\":[{\"@type\":\"SearchAction\",\"target\":{\"@type\":\"EntryPoint\",\"urlTemplate\":\"https:\/\/www.mhgavocats.com\/en\/?s={search_term_string}\"},\"query-input\":\"required name=search_term_string\"}],\"inLanguage\":\"en-US\"},{\"@type\":\"WebPage\",\"@id\":\"https:\/\/www.mhgavocats.com\/en\/news\/#webpage\",\"url\":\"https:\/\/www.mhgavocats.com\/en\/news\/\",\"name\":\"News - Me Marie-H\u00e9l\u00e8ne Giroux lawyers, s.n.\",\"isPartOf\":{\"@id\":\"https:\/\/www.mhgavocats.com\/en\/#website\"},\"datePublished\":\"2015-05-06T18:14:21+00:00\",\"dateModified\":\"2016-01-25T15:39:44+00:00\",\"breadcrumb\":{\"@id\":\"https:\/\/www.mhgavocats.com\/en\/news\/#breadcrumb\"},\"inLanguage\":\"en-US\",\"potentialAction\":[{\"@type\":\"ReadAction\",\"target\":[\"https:\/\/www.mhgavocats.com\/en\/news\/\"]}]},{\"@type\":\"BreadcrumbList\",\"@id\":\"https:\/\/www.mhgavocats.com\/en\/news\/#breadcrumb\",\"itemListElement\":[{\"@type\":\"ListItem\",\"position\":1,\"name\":\"Accueil\",\"item\":\"https:\/\/www.mhgavocats.com\/en\/\"},{\"@type\":\"ListItem\",\"position\":2,\"name\":\"News\"}]}]}<\/script>\n<!-- \/ Yoast SEO plugin. -->","yoast_head_json":{"title":"News - Me Marie-H\u00e9l\u00e8ne Giroux lawyers, s.n.","robots":{"index":"index","follow":"follow","max-snippet":"max-snippet:-1","max-image-preview":"max-image-preview:large","max-video-preview":"max-video-preview:-1"},"canonical":"https:\/\/www.mhgavocats.com\/en\/news\/","og_locale":"en_US","og_type":"article","og_title":"News - Me Marie-H\u00e9l\u00e8ne Giroux lawyers, s.n.","og_description":"[vc_row row_type=&#8221;row&#8221; use_row_as_full_screen_section=&#8221;no&#8221; type=&#8221;full_width&#8221; angled_section=&#8221;no&#8221; text_align=&#8221;left&#8221; background_image_as_pattern=&#8221;without_pattern&#8221; css_animation=&#8221;&#8221;][vc_column][\/vc_column][\/vc_row]","og_url":"https:\/\/www.mhgavocats.com\/en\/news\/","og_site_name":"Me Marie-H\u00e9l\u00e8ne Giroux lawyers, s.n.","article_modified_time":"2016-01-25T15:39:44+00:00","twitter_card":"summary","schema":{"@context":"https:\/\/schema.org","@graph":[{"@type":"WebSite","@id":"https:\/\/www.mhgavocats.com\/en\/#website","url":"https:\/\/www.mhgavocats.com\/en\/","name":"Me Marie-H\u00e9l\u00e8ne Giroux lawyers, s.n.","description":"Specialists in criminal and penal law.","potentialAction":[{"@type":"SearchAction","target":{"@type":"EntryPoint","urlTemplate":"https:\/\/www.mhgavocats.com\/en\/?s={search_term_string}"},"query-input":"required name=search_term_string"}],"inLanguage":"en-US"},{"@type":"WebPage","@id":"https:\/\/www.mhgavocats.com\/en\/news\/#webpage","url":"https:\/\/www.mhgavocats.com\/en\/news\/","name":"News - Me Marie-H\u00e9l\u00e8ne Giroux lawyers, s.n.","isPartOf":{"@id":"https:\/\/www.mhgavocats.com\/en\/#website"},"datePublished":"2015-05-06T18:14:21+00:00","dateModified":"2016-01-25T15:39:44+00:00","breadcrumb":{"@id":"https:\/\/www.mhgavocats.com\/en\/news\/#breadcrumb"},"inLanguage":"en-US","potentialAction":[{"@type":"ReadAction","target":["https:\/\/www.mhgavocats.com\/en\/news\/"]}]},{"@type":"BreadcrumbList","@id":"https:\/\/www.mhgavocats.com\/en\/news\/#breadcrumb","itemListElement":[{"@type":"ListItem","position":1,"name":"Accueil","item":"https:\/\/www.mhgavocats.com\/en\/"},{"@type":"ListItem","position":2,"name":"News"}]}]}},"_links":{"self":[{"href":"https:\/\/www.mhgavocats.com\/en\/wp-json\/wp\/v2\/pages\/16038"}],"collection":[{"href":"https:\/\/www.mhgavocats.com\/en\/wp-json\/wp\/v2\/pages"}],"about":[{"href":"https:\/\/www.mhgavocats.com\/en\/wp-json\/wp\/v2\/types\/page"}],"author":[{"embeddable":true,"href":"https:\/\/www.mhgavocats.com\/en\/wp-json\/wp\/v2\/users\/1"}],"replies":[{"embeddable":true,"href":"https:\/\/www.mhgavocats.com\/en\/wp-json\/wp\/v2\/comments?post=16038"}],"version-history":[{"count":1,"href":"https:\/\/www.mhgavocats.com\/en\/wp-json\/wp\/v2\/pages\/16038\/revisions"}],"predecessor-version":[{"id":16075,"href":"https:\/\/www.mhgavocats.com\/en\/wp-json\/wp\/v2\/pages\/16038\/revisions\/16075"}],"wp:attachment":[{"href":"https:\/\/www.mhgavocats.com\/en\/wp-json\/wp\/v2\/media?parent=16038"}],"curies":[{"name":"wp","href":"https:\/\/api.w.org\/{rel}","templated":true}]}}