{"id":16229,"date":"2019-01-28T14:30:16","date_gmt":"2019-01-28T18:30:16","guid":{"rendered":"http:\/\/beta.mhgavocats.com\/?page_id=16229"},"modified":"2022-02-25T01:36:59","modified_gmt":"2022-02-25T05:36:59","slug":"me-tremblay-1","status":"publish","type":"page","link":"https:\/\/www.mhgavocats.com\/en\/team\/me-tremblay-1\/","title":{"rendered":"Me Jean-Marc Tremblay"},"content":{"rendered":"<p>[vc_row css_animation=&#8221;&#8221; row_type=&#8221;row&#8221; use_row_as_full_screen_section=&#8221;no&#8221; type=&#8221;grid&#8221; angled_section=&#8221;no&#8221; text_align=&#8221;left&#8221; background_image_as_pattern=&#8221;without_pattern&#8221; padding_top=&#8221;90&#8243; padding_bottom=&#8221;100&#8243;][vc_column][vc_single_image image=&#8221;16535&#8243; img_size=&#8221;large&#8221; alignment=&#8221;center&#8221; style=&#8221;vc_box_shadow_border&#8221; qode_css_animation=&#8221;&#8221; el_class=&#8221;nicepic pic-profil&#8221;][vc_separator type=&#8221;transparent&#8221; up=&#8221;50&#8243; down=&#8221;0&#8243;][vc_column_text css=&#8221;.vc_custom_1614877479222{padding-right: 18% !important;padding-left: 18% !important;}&#8221; el_class=&#8221;justify&#8221;]Law graduate from the University of Laval, Me. Jean-Marc J.D. Tremblay was admitted to the Quebec bar in November 1999. Since being sworn in, he has practiced exclusively in criminal law as a defence attorney. Since March 2017 Me Tremblay has equally been a member of the JAG (Judge Advocate General) with the Canadian forces and is regularly entrusted with representation mandates before the Court Martial. Thus, Me Tremblay represents litigants confronted with criminal procedures before all first instance tribunals, jury trials and appeals involving any criminal jurisdiction. Me Tremblay is bilingual and can plead in English as well as in French, as the case may be.<\/p>\n<p>&nbsp;<\/p>\n<p>Prior to becoming a lawyer, Me Tremblay obtained a bachelor\u2019s degree in Business Administration from the l&#8217;Universit\u00e9 du Qu\u00e9bec \u00e0 Trois-Rivi\u00e8res (UQTR) in 1988. He worked in the Royal Canadian Navy as a Maritime Surface and Sub-Surface Officer (MAR SS) from 1987 to 2000. His military career led him to participate in various missions, including the Red Sea Operation from March to June 1992. During this mission, as a young naval officer, Me Tremblay traveled to various cities in the Middle East and North Africa, served aboard the HMCS Restigouche as an officer of the watch, and participated in various diplomatic events involving Canada and other foreign powers.<\/p>\n<p>&nbsp;<\/p>\n<p>In his practice as a lawyer, Me Tremblay has been defense counsel for many defendants whose cases have been highly publicized. Nonetheless, he has been able to maintain a high level of discretion, consequentially minimizing the negative impacts that a criminal procedure may cause his clients.Creative and inventive, Me Tremblay approaches each case with an effective defense strategy. After 20 years of practice, Me Tremblay has developed a rich network of experienced criminal lawyers, allowing him to maintain a crisp and fresh knowledge of criminal law.<\/p>\n<p>&nbsp;<\/p>\n<p>In November 2003, Me Tremblay (in tandem with Me Charles Montpetit) was awarded the Robert Sacchitelle prize awarded to the lawyer having had a remarkable performance in defense. Justicia Omnibus &#8211; &#8220;justice for all&#8221;[\/vc_column_text][vc_separator type=&#8221;small&#8221; position=&#8221;center&#8221; color=&#8221;#005375&#8243; up=&#8221;30&#8243;]<div class='q_team'><div class='q_team_inner'><div class='q_team_text' ><div class='q_team_text_inner'><div class='q_team_title_holder'><h3 class='q_team_name' style = ''><\/h3><\/div><\/div><div class='q_team_social_holder'><span class='q_social_icon_holder normal_social' data-color=#cccccc ><a itemprop='url' href='mailto:jmtremblay@mhgavocats.com' target='_blank'><i class=\"qode_icon_font_awesome fa fa-envelope fa-2x simple_social\" style=\"color: #cccccc;\" ><\/i><\/a><\/span><\/div><\/div><\/div><\/div>[\/vc_column][\/vc_row]<\/p>\n","protected":false},"excerpt":{"rendered":"<p>[vc_row css_animation=&#8221;&#8221; row_type=&#8221;row&#8221; use_row_as_full_screen_section=&#8221;no&#8221; type=&#8221;grid&#8221; angled_section=&#8221;no&#8221; text_align=&#8221;left&#8221; background_image_as_pattern=&#8221;without_pattern&#8221; padding_top=&#8221;90&#8243; padding_bottom=&#8221;100&#8243;][vc_column][vc_single_image image=&#8221;16535&#8243; img_size=&#8221;large&#8221; alignment=&#8221;center&#8221; style=&#8221;vc_box_shadow_border&#8221; qode_css_animation=&#8221;&#8221; el_class=&#8221;nicepic pic-profil&#8221;][vc_separator type=&#8221;transparent&#8221; up=&#8221;50&#8243; down=&#8221;0&#8243;][vc_column_text css=&#8221;.vc_custom_1614877479222{padding-right: 18% !important;padding-left: 18% !important;}&#8221; el_class=&#8221;justify&#8221;]Law graduate from the University of Laval, Me. Jean-Marc J.D. Tremblay was admitted to the Quebec bar in November 1999&#8230;.<\/p>\n","protected":false},"author":1,"featured_media":0,"parent":16030,"menu_order":30,"comment_status":"closed","ping_status":"closed","template":"full_width.php","meta":[],"yoast_head":"<!-- This site is optimized with the Yoast SEO plugin v18.9 - https:\/\/yoast.com\/wordpress\/plugins\/seo\/ -->\n<title>Me Jean-Marc Tremblay - Me Marie-H\u00e9l\u00e8ne Giroux lawyers, s.n.<\/title>\n<meta name=\"robots\" content=\"index, follow, max-snippet:-1, max-image-preview:large, max-video-preview:-1\" \/>\n<link rel=\"canonical\" href=\"https:\/\/www.mhgavocats.com\/en\/team\/me-tremblay-1\/\" \/>\n<meta property=\"og:locale\" content=\"en_US\" \/>\n<meta property=\"og:type\" content=\"article\" \/>\n<meta property=\"og:title\" content=\"Me Jean-Marc Tremblay - Me Marie-H\u00e9l\u00e8ne Giroux lawyers, s.n.\" \/>\n<meta property=\"og:description\" content=\"[vc_row css_animation=&#8221;&#8221; row_type=&#8221;row&#8221; use_row_as_full_screen_section=&#8221;no&#8221; type=&#8221;grid&#8221; angled_section=&#8221;no&#8221; text_align=&#8221;left&#8221; background_image_as_pattern=&#8221;without_pattern&#8221; padding_top=&#8221;90&#8243; padding_bottom=&#8221;100&#8243;][vc_column][vc_single_image image=&#8221;16535&#8243; img_size=&#8221;large&#8221; alignment=&#8221;center&#8221; style=&#8221;vc_box_shadow_border&#8221; qode_css_animation=&#8221;&#8221; el_class=&#8221;nicepic pic-profil&#8221;][vc_separator type=&#8221;transparent&#8221; up=&#8221;50&#8243; down=&#8221;0&#8243;][vc_column_text css=&#8221;.vc_custom_1614877479222{padding-right: 18% !important;padding-left: 18% !important;}&#8221; el_class=&#8221;justify&#8221;]Law graduate from the University of Laval, Me. Jean-Marc J.D. Tremblay was admitted to the Quebec bar in November 1999....\" \/>\n<meta property=\"og:url\" content=\"https:\/\/www.mhgavocats.com\/en\/team\/me-tremblay-1\/\" \/>\n<meta property=\"og:site_name\" content=\"Me Marie-H\u00e9l\u00e8ne Giroux lawyers, s.n.\" \/>\n<meta property=\"article:modified_time\" content=\"2022-02-25T05:36:59+00:00\" \/>\n<meta name=\"twitter:card\" content=\"summary\" \/>\n<meta name=\"twitter:label1\" content=\"Est. reading time\" \/>\n\t<meta name=\"twitter:data1\" content=\"2 minutes\" \/>\n<script type=\"application\/ld+json\" class=\"yoast-schema-graph\">{\"@context\":\"https:\/\/schema.org\",\"@graph\":[{\"@type\":\"WebSite\",\"@id\":\"https:\/\/www.mhgavocats.com\/en\/#website\",\"url\":\"https:\/\/www.mhgavocats.com\/en\/\",\"name\":\"Me Marie-H\u00e9l\u00e8ne Giroux lawyers, s.n.\",\"description\":\"Specialists in criminal and penal law.\",\"potentialAction\":[{\"@type\":\"SearchAction\",\"target\":{\"@type\":\"EntryPoint\",\"urlTemplate\":\"https:\/\/www.mhgavocats.com\/en\/?s={search_term_string}\"},\"query-input\":\"required name=search_term_string\"}],\"inLanguage\":\"en-US\"},{\"@type\":\"WebPage\",\"@id\":\"https:\/\/www.mhgavocats.com\/en\/team\/me-tremblay-1\/#webpage\",\"url\":\"https:\/\/www.mhgavocats.com\/en\/team\/me-tremblay-1\/\",\"name\":\"Me Jean-Marc Tremblay - Me Marie-H\u00e9l\u00e8ne Giroux lawyers, s.n.\",\"isPartOf\":{\"@id\":\"https:\/\/www.mhgavocats.com\/en\/#website\"},\"datePublished\":\"2019-01-28T18:30:16+00:00\",\"dateModified\":\"2022-02-25T05:36:59+00:00\",\"breadcrumb\":{\"@id\":\"https:\/\/www.mhgavocats.com\/en\/team\/me-tremblay-1\/#breadcrumb\"},\"inLanguage\":\"en-US\",\"potentialAction\":[{\"@type\":\"ReadAction\",\"target\":[\"https:\/\/www.mhgavocats.com\/en\/team\/me-tremblay-1\/\"]}]},{\"@type\":\"BreadcrumbList\",\"@id\":\"https:\/\/www.mhgavocats.com\/en\/team\/me-tremblay-1\/#breadcrumb\",\"itemListElement\":[{\"@type\":\"ListItem\",\"position\":1,\"name\":\"Accueil\",\"item\":\"https:\/\/www.mhgavocats.com\/en\/\"},{\"@type\":\"ListItem\",\"position\":2,\"name\":\"Profile \/ Team\",\"item\":\"https:\/\/www.mhgavocats.com\/en\/team\/\"},{\"@type\":\"ListItem\",\"position\":3,\"name\":\"Me Jean-Marc Tremblay\"}]}]}<\/script>\n<!-- \/ Yoast SEO plugin. -->","yoast_head_json":{"title":"Me Jean-Marc Tremblay - Me Marie-H\u00e9l\u00e8ne Giroux lawyers, s.n.","robots":{"index":"index","follow":"follow","max-snippet":"max-snippet:-1","max-image-preview":"max-image-preview:large","max-video-preview":"max-video-preview:-1"},"canonical":"https:\/\/www.mhgavocats.com\/en\/team\/me-tremblay-1\/","og_locale":"en_US","og_type":"article","og_title":"Me Jean-Marc Tremblay - Me Marie-H\u00e9l\u00e8ne Giroux lawyers, s.n.","og_description":"[vc_row css_animation=&#8221;&#8221; row_type=&#8221;row&#8221; use_row_as_full_screen_section=&#8221;no&#8221; type=&#8221;grid&#8221; angled_section=&#8221;no&#8221; text_align=&#8221;left&#8221; background_image_as_pattern=&#8221;without_pattern&#8221; padding_top=&#8221;90&#8243; padding_bottom=&#8221;100&#8243;][vc_column][vc_single_image image=&#8221;16535&#8243; img_size=&#8221;large&#8221; alignment=&#8221;center&#8221; style=&#8221;vc_box_shadow_border&#8221; qode_css_animation=&#8221;&#8221; el_class=&#8221;nicepic pic-profil&#8221;][vc_separator type=&#8221;transparent&#8221; up=&#8221;50&#8243; down=&#8221;0&#8243;][vc_column_text css=&#8221;.vc_custom_1614877479222{padding-right: 18% !important;padding-left: 18% !important;}&#8221; el_class=&#8221;justify&#8221;]Law graduate from the University of Laval, Me. Jean-Marc J.D. Tremblay was admitted to the Quebec bar in November 1999....","og_url":"https:\/\/www.mhgavocats.com\/en\/team\/me-tremblay-1\/","og_site_name":"Me Marie-H\u00e9l\u00e8ne Giroux lawyers, s.n.","article_modified_time":"2022-02-25T05:36:59+00:00","twitter_card":"summary","twitter_misc":{"Est. reading time":"2 minutes"},"schema":{"@context":"https:\/\/schema.org","@graph":[{"@type":"WebSite","@id":"https:\/\/www.mhgavocats.com\/en\/#website","url":"https:\/\/www.mhgavocats.com\/en\/","name":"Me Marie-H\u00e9l\u00e8ne Giroux lawyers, s.n.","description":"Specialists in criminal and penal law.","potentialAction":[{"@type":"SearchAction","target":{"@type":"EntryPoint","urlTemplate":"https:\/\/www.mhgavocats.com\/en\/?s={search_term_string}"},"query-input":"required name=search_term_string"}],"inLanguage":"en-US"},{"@type":"WebPage","@id":"https:\/\/www.mhgavocats.com\/en\/team\/me-tremblay-1\/#webpage","url":"https:\/\/www.mhgavocats.com\/en\/team\/me-tremblay-1\/","name":"Me Jean-Marc Tremblay - Me Marie-H\u00e9l\u00e8ne Giroux lawyers, s.n.","isPartOf":{"@id":"https:\/\/www.mhgavocats.com\/en\/#website"},"datePublished":"2019-01-28T18:30:16+00:00","dateModified":"2022-02-25T05:36:59+00:00","breadcrumb":{"@id":"https:\/\/www.mhgavocats.com\/en\/team\/me-tremblay-1\/#breadcrumb"},"inLanguage":"en-US","potentialAction":[{"@type":"ReadAction","target":["https:\/\/www.mhgavocats.com\/en\/team\/me-tremblay-1\/"]}]},{"@type":"BreadcrumbList","@id":"https:\/\/www.mhgavocats.com\/en\/team\/me-tremblay-1\/#breadcrumb","itemListElement":[{"@type":"ListItem","position":1,"name":"Accueil","item":"https:\/\/www.mhgavocats.com\/en\/"},{"@type":"ListItem","position":2,"name":"Profile \/ Team","item":"https:\/\/www.mhgavocats.com\/en\/team\/"},{"@type":"ListItem","position":3,"name":"Me Jean-Marc Tremblay"}]}]}},"_links":{"self":[{"href":"https:\/\/www.mhgavocats.com\/en\/wp-json\/wp\/v2\/pages\/16229"}],"collection":[{"href":"https:\/\/www.mhgavocats.com\/en\/wp-json\/wp\/v2\/pages"}],"about":[{"href":"https:\/\/www.mhgavocats.com\/en\/wp-json\/wp\/v2\/types\/page"}],"author":[{"embeddable":true,"href":"https:\/\/www.mhgavocats.com\/en\/wp-json\/wp\/v2\/users\/1"}],"replies":[{"embeddable":true,"href":"https:\/\/www.mhgavocats.com\/en\/wp-json\/wp\/v2\/comments?post=16229"}],"version-history":[{"count":7,"href":"https:\/\/www.mhgavocats.com\/en\/wp-json\/wp\/v2\/pages\/16229\/revisions"}],"predecessor-version":[{"id":16540,"href":"https:\/\/www.mhgavocats.com\/en\/wp-json\/wp\/v2\/pages\/16229\/revisions\/16540"}],"up":[{"embeddable":true,"href":"https:\/\/www.mhgavocats.com\/en\/wp-json\/wp\/v2\/pages\/16030"}],"wp:attachment":[{"href":"https:\/\/www.mhgavocats.com\/en\/wp-json\/wp\/v2\/media?parent=16229"}],"curies":[{"name":"wp","href":"https:\/\/api.w.org\/{rel}","templated":true}]}}