{"id":16506,"date":"2021-01-03T20:30:25","date_gmt":"2021-01-04T00:30:25","guid":{"rendered":"http:\/\/www.mhgavocats.com\/?page_id=16506"},"modified":"2021-01-03T21:05:47","modified_gmt":"2021-01-04T01:05:47","slug":"me-cynthia-payer","status":"publish","type":"page","link":"https:\/\/www.mhgavocats.com\/en\/team\/me-cynthia-payer\/","title":{"rendered":"Me Cynthia Payer"},"content":{"rendered":"<p>[vc_row css_animation=&#8221;&#8221; row_type=&#8221;row&#8221; use_row_as_full_screen_section=&#8221;no&#8221; type=&#8221;grid&#8221; angled_section=&#8221;no&#8221; text_align=&#8221;left&#8221; background_image_as_pattern=&#8221;without_pattern&#8221; padding_top=&#8221;90&#8243; padding_bottom=&#8221;100&#8243;][vc_column][vc_single_image image=&#8221;16515&#8243; img_size=&#8221;large&#8221; alignment=&#8221;center&#8221; style=&#8221;vc_box_shadow_border&#8221; qode_css_animation=&#8221;&#8221; el_class=&#8221;nice-pic pic-profil&#8221;][vc_separator type=&#8221;transparent&#8221; up=&#8221;50&#8243; down=&#8221;0&#8243;][vc_column_text css=&#8221;.vc_custom_1609721649882{padding-right: 18% !important;padding-left: 18% !important;}&#8221; el_class=&#8221;justify&#8221;]Me Cynthia Payer holds a Bachelor&#8217;s degree in Law from the University of Quebec in Montreal and a member of the Bar since 2019.<\/p>\n<p>&nbsp;<\/p>\n<p>At the end of her internship, she remained with Marie-H\u00e9l\u00e8ne Giroux&#8217;s team as a lawyer. She practices mainly in the field of criminal and penal law, but also works in the field of immigration law.<\/p>\n<p>&nbsp;<\/p>\n<p>She represents the firm&#8217;s clients before all legal institutions. She specializes in both writing and advocacy. She wrote several briefs and presentations for the Court of Appeal, and later leave applications for the Supreme Court of Canada. She has pleaded numerous times before the Court of Appeal of Quebec and the Court of Quebec. She represents her clients on a daily basis before the Municipal Court, the Court of Quebec, the Superior Court and also occasionally before the Immigration and Refugee Board.<\/p>\n<p>&nbsp;<\/p>\n<p>Me Payer has a keen interest in jury cases and pleading. For her, preserving the constitutional rights of her clients is of the utmost importance. She handles all of her cases with great humanism and is conscientious about the repercussions of an indictment. Her clients appreciate her dedication, availability and frankness. Me Payer practices in both official languages \u200b\u200bof Canada.[\/vc_column_text][vc_separator type=&#8221;small&#8221; position=&#8221;center&#8221; color=&#8221;#005375&#8243; up=&#8221;30&#8243;]<div class='q_team'><div class='q_team_inner'><div class='q_team_text' ><div class='q_team_text_inner'><div class='q_team_title_holder'><h3 class='q_team_name' style = ''><\/h3><\/div><\/div><div class='q_team_social_holder'><span class='q_social_icon_holder normal_social' data-color=#cccccc ><a itemprop='url' href='https:\/\/www.linkedin.com\/in\/cynthia-payer-590986170\/' target='_blank'><i class=\"qode_icon_font_awesome fa fa-linkedin fa-2x simple_social\" style=\"color: #cccccc;\" ><\/i><\/a><\/span><span class='q_social_icon_holder normal_social' data-color=#cccccc ><a itemprop='url' href='mailto:cynthia.payer@mhgavocats.com' target='_blank'><i class=\"qode_icon_font_awesome fa fa-envelope fa-2x simple_social\" style=\"color: #cccccc;\" ><\/i><\/a><\/span><\/div><\/div><\/div><\/div>[\/vc_column][\/vc_row]<\/p>\n","protected":false},"excerpt":{"rendered":"<p>[vc_row css_animation=&#8221;&#8221; row_type=&#8221;row&#8221; use_row_as_full_screen_section=&#8221;no&#8221; type=&#8221;grid&#8221; angled_section=&#8221;no&#8221; text_align=&#8221;left&#8221; background_image_as_pattern=&#8221;without_pattern&#8221; padding_top=&#8221;90&#8243; padding_bottom=&#8221;100&#8243;][vc_column][vc_single_image image=&#8221;16515&#8243; img_size=&#8221;large&#8221; alignment=&#8221;center&#8221; style=&#8221;vc_box_shadow_border&#8221; qode_css_animation=&#8221;&#8221; el_class=&#8221;nice-pic pic-profil&#8221;][vc_separator type=&#8221;transparent&#8221; up=&#8221;50&#8243; down=&#8221;0&#8243;][vc_column_text css=&#8221;.vc_custom_1609721649882{padding-right: 18% !important;padding-left: 18% !important;}&#8221; el_class=&#8221;justify&#8221;]Me Cynthia Payer holds a Bachelor&#8217;s degree in Law from the University of Quebec in Montreal and a member of&#8230;<\/p>\n","protected":false},"author":5,"featured_media":0,"parent":16030,"menu_order":0,"comment_status":"closed","ping_status":"closed","template":"full_width.php","meta":[],"yoast_head":"<!-- This site is optimized with the Yoast SEO plugin v18.9 - https:\/\/yoast.com\/wordpress\/plugins\/seo\/ -->\n<title>Me Cynthia Payer - Me Marie-H\u00e9l\u00e8ne Giroux lawyers, s.n.<\/title>\n<meta name=\"description\" content=\"Me Cynthia Payer Avocate Criminaliste chez Marie-H\u00e9l\u00e8ne Giroux Avocats Inc.\" \/>\n<meta name=\"robots\" content=\"index, follow, max-snippet:-1, max-image-preview:large, max-video-preview:-1\" \/>\n<link rel=\"canonical\" href=\"https:\/\/www.mhgavocats.com\/en\/team\/me-cynthia-payer\/\" \/>\n<meta property=\"og:locale\" content=\"en_US\" \/>\n<meta property=\"og:type\" content=\"article\" \/>\n<meta property=\"og:title\" content=\"Me Cynthia Payer - Me Marie-H\u00e9l\u00e8ne Giroux lawyers, s.n.\" \/>\n<meta property=\"og:description\" content=\"Me Cynthia Payer Avocate Criminaliste chez Marie-H\u00e9l\u00e8ne Giroux Avocats Inc.\" \/>\n<meta property=\"og:url\" content=\"https:\/\/www.mhgavocats.com\/en\/team\/me-cynthia-payer\/\" \/>\n<meta property=\"og:site_name\" content=\"Me Marie-H\u00e9l\u00e8ne Giroux lawyers, s.n.\" \/>\n<meta property=\"article:modified_time\" content=\"2021-01-04T01:05:47+00:00\" \/>\n<meta name=\"twitter:card\" content=\"summary\" \/>\n<meta name=\"twitter:label1\" content=\"Est. reading time\" \/>\n\t<meta name=\"twitter:data1\" content=\"2 minutes\" \/>\n<script type=\"application\/ld+json\" class=\"yoast-schema-graph\">{\"@context\":\"https:\/\/schema.org\",\"@graph\":[{\"@type\":\"WebSite\",\"@id\":\"https:\/\/www.mhgavocats.com\/en\/#website\",\"url\":\"https:\/\/www.mhgavocats.com\/en\/\",\"name\":\"Me Marie-H\u00e9l\u00e8ne Giroux lawyers, s.n.\",\"description\":\"Specialists in criminal and penal law.\",\"potentialAction\":[{\"@type\":\"SearchAction\",\"target\":{\"@type\":\"EntryPoint\",\"urlTemplate\":\"https:\/\/www.mhgavocats.com\/en\/?s={search_term_string}\"},\"query-input\":\"required name=search_term_string\"}],\"inLanguage\":\"en-US\"},{\"@type\":\"WebPage\",\"@id\":\"https:\/\/www.mhgavocats.com\/en\/team\/me-cynthia-payer\/#webpage\",\"url\":\"https:\/\/www.mhgavocats.com\/en\/team\/me-cynthia-payer\/\",\"name\":\"Me Cynthia Payer - Me Marie-H\u00e9l\u00e8ne Giroux lawyers, s.n.\",\"isPartOf\":{\"@id\":\"https:\/\/www.mhgavocats.com\/en\/#website\"},\"datePublished\":\"2021-01-04T00:30:25+00:00\",\"dateModified\":\"2021-01-04T01:05:47+00:00\",\"description\":\"Me Cynthia Payer Avocate Criminaliste chez Marie-H\u00e9l\u00e8ne Giroux Avocats Inc.\",\"breadcrumb\":{\"@id\":\"https:\/\/www.mhgavocats.com\/en\/team\/me-cynthia-payer\/#breadcrumb\"},\"inLanguage\":\"en-US\",\"potentialAction\":[{\"@type\":\"ReadAction\",\"target\":[\"https:\/\/www.mhgavocats.com\/en\/team\/me-cynthia-payer\/\"]}]},{\"@type\":\"BreadcrumbList\",\"@id\":\"https:\/\/www.mhgavocats.com\/en\/team\/me-cynthia-payer\/#breadcrumb\",\"itemListElement\":[{\"@type\":\"ListItem\",\"position\":1,\"name\":\"Accueil\",\"item\":\"https:\/\/www.mhgavocats.com\/en\/\"},{\"@type\":\"ListItem\",\"position\":2,\"name\":\"Profile \/ Team\",\"item\":\"https:\/\/www.mhgavocats.com\/en\/team\/\"},{\"@type\":\"ListItem\",\"position\":3,\"name\":\"Me Cynthia Payer\"}]}]}<\/script>\n<!-- \/ Yoast SEO plugin. -->","yoast_head_json":{"title":"Me Cynthia Payer - Me Marie-H\u00e9l\u00e8ne Giroux lawyers, s.n.","description":"Me Cynthia Payer Avocate Criminaliste chez Marie-H\u00e9l\u00e8ne Giroux Avocats Inc.","robots":{"index":"index","follow":"follow","max-snippet":"max-snippet:-1","max-image-preview":"max-image-preview:large","max-video-preview":"max-video-preview:-1"},"canonical":"https:\/\/www.mhgavocats.com\/en\/team\/me-cynthia-payer\/","og_locale":"en_US","og_type":"article","og_title":"Me Cynthia Payer - Me Marie-H\u00e9l\u00e8ne Giroux lawyers, s.n.","og_description":"Me Cynthia Payer Avocate Criminaliste chez Marie-H\u00e9l\u00e8ne Giroux Avocats Inc.","og_url":"https:\/\/www.mhgavocats.com\/en\/team\/me-cynthia-payer\/","og_site_name":"Me Marie-H\u00e9l\u00e8ne Giroux lawyers, s.n.","article_modified_time":"2021-01-04T01:05:47+00:00","twitter_card":"summary","twitter_misc":{"Est. reading time":"2 minutes"},"schema":{"@context":"https:\/\/schema.org","@graph":[{"@type":"WebSite","@id":"https:\/\/www.mhgavocats.com\/en\/#website","url":"https:\/\/www.mhgavocats.com\/en\/","name":"Me Marie-H\u00e9l\u00e8ne Giroux lawyers, s.n.","description":"Specialists in criminal and penal law.","potentialAction":[{"@type":"SearchAction","target":{"@type":"EntryPoint","urlTemplate":"https:\/\/www.mhgavocats.com\/en\/?s={search_term_string}"},"query-input":"required name=search_term_string"}],"inLanguage":"en-US"},{"@type":"WebPage","@id":"https:\/\/www.mhgavocats.com\/en\/team\/me-cynthia-payer\/#webpage","url":"https:\/\/www.mhgavocats.com\/en\/team\/me-cynthia-payer\/","name":"Me Cynthia Payer - Me Marie-H\u00e9l\u00e8ne Giroux lawyers, s.n.","isPartOf":{"@id":"https:\/\/www.mhgavocats.com\/en\/#website"},"datePublished":"2021-01-04T00:30:25+00:00","dateModified":"2021-01-04T01:05:47+00:00","description":"Me Cynthia Payer Avocate Criminaliste chez Marie-H\u00e9l\u00e8ne Giroux Avocats Inc.","breadcrumb":{"@id":"https:\/\/www.mhgavocats.com\/en\/team\/me-cynthia-payer\/#breadcrumb"},"inLanguage":"en-US","potentialAction":[{"@type":"ReadAction","target":["https:\/\/www.mhgavocats.com\/en\/team\/me-cynthia-payer\/"]}]},{"@type":"BreadcrumbList","@id":"https:\/\/www.mhgavocats.com\/en\/team\/me-cynthia-payer\/#breadcrumb","itemListElement":[{"@type":"ListItem","position":1,"name":"Accueil","item":"https:\/\/www.mhgavocats.com\/en\/"},{"@type":"ListItem","position":2,"name":"Profile \/ Team","item":"https:\/\/www.mhgavocats.com\/en\/team\/"},{"@type":"ListItem","position":3,"name":"Me Cynthia Payer"}]}]}},"_links":{"self":[{"href":"https:\/\/www.mhgavocats.com\/en\/wp-json\/wp\/v2\/pages\/16506"}],"collection":[{"href":"https:\/\/www.mhgavocats.com\/en\/wp-json\/wp\/v2\/pages"}],"about":[{"href":"https:\/\/www.mhgavocats.com\/en\/wp-json\/wp\/v2\/types\/page"}],"author":[{"embeddable":true,"href":"https:\/\/www.mhgavocats.com\/en\/wp-json\/wp\/v2\/users\/5"}],"replies":[{"embeddable":true,"href":"https:\/\/www.mhgavocats.com\/en\/wp-json\/wp\/v2\/comments?post=16506"}],"version-history":[{"count":4,"href":"https:\/\/www.mhgavocats.com\/en\/wp-json\/wp\/v2\/pages\/16506\/revisions"}],"predecessor-version":[{"id":16522,"href":"https:\/\/www.mhgavocats.com\/en\/wp-json\/wp\/v2\/pages\/16506\/revisions\/16522"}],"up":[{"embeddable":true,"href":"https:\/\/www.mhgavocats.com\/en\/wp-json\/wp\/v2\/pages\/16030"}],"wp:attachment":[{"href":"https:\/\/www.mhgavocats.com\/en\/wp-json\/wp\/v2\/media?parent=16506"}],"curies":[{"name":"wp","href":"https:\/\/api.w.org\/{rel}","templated":true}]}}