{"id":16542,"date":"2015-05-06T14:18:55","date_gmt":"2015-05-06T14:18:55","guid":{"rendered":"http:\/\/www.mhgavocats.com\/activites\/"},"modified":"2022-02-25T01:46:44","modified_gmt":"2022-02-25T05:46:44","slug":"activities","status":"publish","type":"page","link":"https:\/\/www.mhgavocats.com\/en\/activities\/","title":{"rendered":"Activities"},"content":{"rendered":"<p>[vc_row css_animation=&#8221;&#8221; row_type=&#8221;row&#8221; use_row_as_full_screen_section=&#8221;no&#8221; type=&#8221;grid&#8221; angled_section=&#8221;no&#8221; text_align=&#8221;left&#8221; background_image_as_pattern=&#8221;without_pattern&#8221; padding_top=&#8221;75&#8243; padding_bottom=&#8221;75&#8243; css=&#8221;.vc_custom_1452460756363{margin-bottom: 30px !important;}&#8221; el_id=&#8221;immigration&#8221;][vc_column]<span data-type=\"normal\"  class=\"qode_icon_shortcode  q_font_awsome_icon fa-lg pull-center \" style=\" \"><i class=\"qode_icon_font_awesome fa fa-briefcase qode_icon_element\" style=\"font-size: 45px;color: #333333;\" ><\/i><\/span>[vc_separator type=&#8221;transparent&#8221; up=&#8221;26&#8243; down=&#8221;0&#8243;][vc_column_text]<\/p>\n<h2 style=\"text-align: center; color: #005375; margin-bottom: 20px;\">Marie-H\u00e9l\u00e8ne Giroux<br \/>\nLawyers<\/h2>\n<h2 style=\"text-align: center; color: #9b948b;\">OUR SERVICES<\/h2>\n<p>[\/vc_column_text][vc_separator type=&#8221;small&#8221; position=&#8221;center&#8221; color=&#8221;#005474&#8243; width=&#8221;40&#8243; up=&#8221;40&#8243; down=&#8221;40&#8243;][vc_column_text]<img class=\"nicepic wp-image-15801 alignleft\" src=\"http:\/\/www.mhgavocats.com\/wp-content\/uploads\/2014\/05\/shutterstock_300098624-e1450759041646.jpg\" alt=\"\" width=\"400\" \/><\/p>\n<p>Anciennement connu sous le nom de Monterosso Giroux Avocats, notre cabinet fait peau neuve avec le d\u00e9part de Me Clemente Monterosso.<\/p>\n<p>&nbsp;<\/p>\n<p>Me Marie-H\u00e9l\u00e8ne Giroux, associ\u00e9e fondatrice de Monterosso Giroux Avocats, continue \u00e0 offrir les m\u00eames services de qualit\u00e9 au sein de sa firme, Marie-H\u00e9l\u00e8ne Giroux Avocats.<\/p>\n<p>&nbsp;<\/p>\n<p>Notre Cabinet assiste une client\u00e8le compos\u00e9e d\u2019entreprises et de particuliers confront\u00e9s \u00e0 des difficult\u00e9s d\u2019ordre criminel ou p\u00e9nal, ou d\u2019immigration.<\/p>\n<p>&nbsp;<\/p>\n<p>Notre Cabinet met \u00e0 votre disposition des avocats consciencieux et exp\u00e9riment\u00e9s, \u00e0 l\u2019\u00e9coute de vos besoins, qui offrent des services en droit criminel et p\u00e9nal, en appel et recours extraordinaires, et en immigration.<\/p>\n<p>&nbsp;<\/p>\n<p>Notre mission est de d\u00e9fendre les int\u00e9r\u00eats de chaque client et d\u2019obtenir le meilleur r\u00e9sultat possible \u00e0 tout coup. Nos avocats se font un devoir de toujours bien vous informer afin d\u2019\u00e9viter des r\u00e9sultats impr\u00e9vus.<\/p>\n<p>&nbsp;<\/p>\n<p>Notre cr\u00e9dibilit\u00e9 s\u2019est b\u00e2tie sur nos valeurs fondatrices : la comp\u00e9tence, l\u2019honn\u00eatet\u00e9 la disponibilit\u00e9, et la rigueur. La r\u00e9putation que nous entretenons, notamment gr\u00e2ce \u00e0 nos succ\u00e8s fait preuve de notre haut degr\u00e9 de professionnalisme.<\/p>\n<p>&nbsp;<\/p>\n<p>Notre cabinet et nos avocats se consacrent principalement aux dossiers relatifs au droit criminel et de l\u2019immigration. Toutefois, nous avons d\u00e9velopp\u00e9 un r\u00e9seau d\u2019avocats en qui nous avons confiance et qui peuvent vous assister dans presque tous les domaines de droit.<\/p>\n<p>&nbsp;<\/p>\n<p>Nos services sont offerts tant en fran\u00e7ais qu\u2019en anglais. Nous pouvons \u00e9galement vous servir en arabe, italien et espagnol.<\/p>\n<p>&nbsp;<\/p>\n<p>Chaque cas est diff\u00e9rent, chaque client est important. Nous prenons le temps de vous \u00e9couter et de r\u00e9pondre \u00e0 vos besoins. Vos int\u00e9r\u00eats nous tiennent \u00e0 c\u0153ur.<\/p>\n<p>&nbsp;<\/p>\n<p>Nos avocats combinent plus sept d\u00e9cennies d\u2019exp\u00e9rience que nous mettons \u00e0 votre disposition pour vous offrir une repr\u00e9sentation compl\u00e8te et de qualit\u00e9.[\/vc_column_text][\/vc_column][\/vc_row][vc_row css_animation=&#8221;&#8221; row_type=&#8221;row&#8221; use_row_as_full_screen_section=&#8221;yes&#8221; type=&#8221;grid&#8221; angled_section=&#8221;no&#8221; text_align=&#8221;left&#8221; background_image_as_pattern=&#8221;without_pattern&#8221; background_color=&#8221;#f4f4f4&#8243; padding_top=&#8221;75&#8243; padding_bottom=&#8221;75&#8243; css=&#8221;.vc_custom_1452460729842{margin-bottom: 30px !important;}&#8221; el_id=&#8221;criminel&#8221;][vc_column][vc_column_text]<\/p>\n<h3 style=\"color: #005375;\">Droit criminel<\/h3>\n<p>[\/vc_column_text][vc_separator type=&#8221;small&#8221; position=&#8221;left&#8221; color=&#8221;#005474&#8243; width=&#8221;30&#8243; up=&#8221;24&#8243; down=&#8221;40&#8243;][vc_column_text]<img loading=\"lazy\" class=\"nicepic wp-image-15561 alignright\" src=\"http:\/\/www.mhgavocats.com\/wp-content\/uploads\/2014\/05\/shutterstock_115797652-1024x683.jpg\" alt=\"shutterstock_115797652\" width=\"400\" height=\"267\" srcset=\"https:\/\/www.mhgavocats.com\/wp-content\/uploads\/2014\/05\/shutterstock_115797652-1024x683.jpg 1024w, https:\/\/www.mhgavocats.com\/wp-content\/uploads\/2014\/05\/shutterstock_115797652-300x200.jpg 300w, https:\/\/www.mhgavocats.com\/wp-content\/uploads\/2014\/05\/shutterstock_115797652-700x467.jpg 700w, https:\/\/www.mhgavocats.com\/wp-content\/uploads\/2014\/05\/shutterstock_115797652.jpg 1290w\" sizes=\"(max-width: 400px) 100vw, 400px\" \/><\/p>\n<p>Nous repr\u00e9sentons les particuliers et les entreprises \u00e0 tous les stades des proc\u00e9dures aux prises avec des difficult\u00e9s d\u2019ordre criminel et p\u00e9nal. Que \u00e7a soit pendant une enqu\u00eate, au moment d\u2019une perquisition, ou lors de votre arrestation, nous pouvons vous aider.<\/p>\n<p>&nbsp;<\/p>\n<p>Nos avocats criminalistes prennent le soin de pr\u00e9server correctement vos droits. La pr\u00e9sence d\u2019un avocat \u00e0 vos c\u00f4t\u00e9s garantit le respect de vos droits fondamentaux. Vous b\u00e9n\u00e9ficierez de l\u2019accompagnement juridique d\u2019avocats experts en droit criminel dont le\u00a0but premier est d\u2019assurer votre d\u00e9fense.<\/p>\n<p>&nbsp;<\/p>\n<p>Pour cela, nous prenons le temps de vous expliquer pleinement les circonstances de l\u2019infraction pour laquelle vous \u00eates accus\u00e9, de vous expliquer vos droits ainsi que le d\u00e9roulement des proc\u00e9dures judiciaires, et d\u2019\u00e9laborer avec vous une strat\u00e9gie de d\u00e9fense efficace.<\/p>\n<p>&nbsp;<\/p>\n<p>Nos avocats d\u2019exp\u00e9rience vous assistent dans l\u2019ensemble des branches du droit criminel : criminalit\u00e9 organis\u00e9e, criminalit\u00e9 financi\u00e8re et \u00e9conomique (fraude, corruption, collusion), crimes contre la personne (meurtres, homicide, enl\u00e8vements, agressions, crimes sexuels), drogue, armes \u00e0 feu, vol et extradition etc.<\/p>\n<p>&nbsp;<\/p>\n<p>Nos avocats sont aussi r\u00e9put\u00e9s pour leur expertise devant les tribunaux d\u2019appel, notamment la Cour d\u2019appel et la Cour supr\u00eame, ou en mati\u00e8re de recours extraordinaires.[\/vc_column_text][vc_empty_space height=&#8221;60px&#8221;][vc_row_inner row_type=&#8221;row&#8221; type=&#8221;full_width&#8221; text_align=&#8221;left&#8221; css_animation=&#8221;&#8221;][vc_column_inner width=&#8221;1\/4&#8243;][vc_single_image image=&#8221;16117&#8243; img_size=&#8221;medium&#8221; qode_css_animation=&#8221;&#8221; el_class=&#8221;nicepic&#8221;][vc_empty_space height=&#8221;15px&#8221;][vc_column_text]<\/p>\n<h3 style=\"color: #005375; font-size: 16px;\">Atteintes aux personnes<\/h3>\n<p>[vc_separator type=&#8217;normal&#8217; position=&#8217;center&#8217; color=&#8217;#005474&#8242; thickness=&#8221; up=&#8221; down=&#8221;]<\/p>\n<p>Homicides et violences, agressions sexuelles et viols, trafic de stup\u00e9fiants[\/vc_column_text][\/vc_column_inner][vc_column_inner width=&#8221;1\/4&#8243;][vc_single_image image=&#8221;16118&#8243; img_size=&#8221;medium&#8221; qode_css_animation=&#8221;&#8221; el_class=&#8221;nicepic&#8221;][vc_empty_space height=&#8221;15px&#8221;][vc_column_text]<\/p>\n<h3 style=\"color: #005375; font-size: 16px;\">Atteintes aux biens<\/h3>\n<p>[vc_separator type=&#8217;normal&#8217; position=&#8217;center&#8217; color=&#8217;#005474&#8242; thickness=&#8221; up=&#8221; down=&#8221;]<\/p>\n<p>Vols simples et aggrav\u00e9s, vols \u00e0 main arm\u00e9e, escroquerie, abus de confiance[\/vc_column_text][\/vc_column_inner][vc_column_inner width=&#8221;1\/4&#8243;][vc_single_image image=&#8221;16089&#8243; img_size=&#8221;medium&#8221; qode_css_animation=&#8221;&#8221; el_class=&#8221;nicepic&#8221;][vc_empty_space height=&#8221;15px&#8221;][vc_column_text]<\/p>\n<h3 style=\"color: #005375; font-size: 16px;\">Atteinte aux int\u00e9r\u00eats de l\u2019Etat et \u00e0 la paix publique<\/h3>\n<p>[vc_separator type=&#8217;normal&#8217; position=&#8217;center&#8217; color=&#8217;#005474&#8242; thickness=&#8221; up=&#8221; down=&#8221;]<\/p>\n<p>Terrorisme, corruption, fausse monnaie, contrebande[\/vc_column_text][\/vc_column_inner][vc_column_inner width=&#8221;1\/4&#8243;][vc_single_image image=&#8221;16090&#8243; img_size=&#8221;medium&#8221; qode_css_animation=&#8221;&#8221; el_class=&#8221;nicepic&#8221;][vc_empty_space height=&#8221;15px&#8221;][vc_column_text]<\/p>\n<h3 style=\"color: #005375; font-size: 16px;\">Droit p\u00e9nal des affaires<\/h3>\n<p>[vc_separator type=&#8217;normal&#8217; position=&#8217;center&#8217; color=&#8217;#005474&#8242; thickness=&#8221; up=&#8221; down=&#8221;]<\/p>\n<p>Fraude et abus de confiance, d\u00e9lits d\u2019initi\u00e9[\/vc_column_text][\/vc_column_inner][\/vc_row_inner][\/vc_column][\/vc_row][vc_row css_animation=&#8221;&#8221; row_type=&#8221;row&#8221; use_row_as_full_screen_section=&#8221;no&#8221; type=&#8221;grid&#8221; angled_section=&#8221;no&#8221; text_align=&#8221;left&#8221; background_image_as_pattern=&#8221;without_pattern&#8221; padding_top=&#8221;75&#8243; padding_bottom=&#8221;75&#8243; css=&#8221;.vc_custom_1548217508183{margin-bottom: 30px !important;}&#8221; el_id=&#8221;immigration&#8221;][vc_column][vc_column_text]<\/p>\n<h3 style=\"color: #005375;\">Droit de l\u2019immigration<\/h3>\n<p>[\/vc_column_text][vc_separator type=&#8221;small&#8221; position=&#8221;left&#8221; color=&#8221;#005474&#8243; width=&#8221;30&#8243; up=&#8221;24&#8243; down=&#8221;40&#8243;][vc_column_text]<img loading=\"lazy\" class=\"nicepic wp-image-15801 alignleft\" src=\"http:\/\/www.mhgavocats.com\/wp-content\/uploads\/2014\/05\/shutterstock_300098624-300x200.jpg\" alt=\"\" width=\"400\" height=\"267\" \/><\/p>\n<p>Le droit de l\u2019Immigration \u00a0est un domaine du droit qui requiert des proc\u00e9dures juridiques pr\u00e9cises et un savoir-faire particulier. La ma\u00eetrise des lois et des r\u00e8glements canadiens est n\u00e9cessaire dans cette pratique. Nous disposons de ces comp\u00e9tences.<\/p>\n<p>&nbsp;<\/p>\n<p>Vous souhaitez vous \u00e9tablir au Canada, parrainer les membres de votre famille admissibles, \u00e9tudier, travailler ou s\u00e9journer temporairement au Canada? Nos avocats sauront vous conseiller efficacement en vous aidant et vous repr\u00e9sentant pour entreprendre toute proc\u00e9dure d\u2019Immigration, \u00e0 partir du Canada ou de l\u2019\u00e9tranger.<\/p>\n<p>&nbsp;<\/p>\n<p>Nos avocats en droit de l\u2019Immigration \u00a0\u00e9valueront avec vous les programmes d\u2019immigration disponibles en vertu des lois et r\u00e8glements, choisiront pour vous les programmes qui r\u00e9pondront le mieux \u00a0\u00e0 vos profiles et vos besoins et ce, \u00a0pour entreprendre \u00e0 partir du Canada ou de l\u2019\u00e9tranger une demande d\u2019immigration au Canada. Ils vous conseilleront quant \u00e0 vos besoins particuliers li\u00e9s \u00e0 votre demande d\u2019immigration, au transfert de vos actifs vers le Canada, vos projets relatifs \u00e0 l\u2019emploi, la fiscalit\u00e9 et la migration des membres de votre famille.<\/p>\n<p>Aussi, ils vous assisteront si vous faites face \u00e0 une mesure d\u2019expulsion ou exclusion ou encore si une autorisation de retourner au Canada est n\u00e9cessaire pour vous. De m\u00eame, ils sauront \u00a0intervenir si vous recevez un refus de titre de s\u00e9jour, un refus d\u2019octroyer la r\u00e9sidence permanente au Canada, un refus de demande de parrainage ou tout autre d\u00e9cision de refus de Citoyennet\u00e9 et Immigration Canada.<\/p>\n<p>&nbsp;<\/p>\n<p>Ils vous\u00a0\u00a0repr\u00e9senteront dans le processus de Demande d\u2019autorisation et de contr\u00f4le judiciaire, tout recours judiciaire devant la la Section d\u2019Appel d\u2019Immigration, la Cour F\u00e9d\u00e9rale et les tribunaux de droit commun ainsi que toute mesure de d\u00e9tention \u00e0 des fins d\u2019immigration.<\/p>\n<p>&nbsp;<\/p>\n<p>Ils vous conseilleront dans votre Demande de certificat de citoyennet\u00e9 et votre Demande de passeport canadien.<\/p>\n<p>&nbsp;<\/p>\n<p>Notre \u00e9quipe d\u2019avocats vous propose \u00a0donc une \u00e9tude personnalis\u00e9e de votre dossier, vous offre des conseils juridiques, proc\u00e8de pour vous \u00e0 titre d\u2019avocat repr\u00e9sentant et au besoin, d\u00e9pose devant les tribunaux comp\u00e9tents les recours appropri\u00e9s.<\/p>\n<p>&nbsp;<\/p>\n<p>Me Carole Chelhot, avocate du Barreau du Qu\u00e9bec, pratiquant en droit de l\u2019Immigration \u00a0dans la r\u00e9gion du moyen Orient et ayant \u00e9lu domicile \u00e0 Beyrouth, Liban, \u00a0s\u2019est jointe \u00e0 notre \u00e9quipe. Nous sommes heureux de travailler en collaboration avec elle pour ainsi mettre nos comp\u00e9tences mutuelles \u00e0 votre service.<\/p>\n<p>&nbsp;<\/p>\n<p><strong>Adresse de correspondance de nos bureaux au Liban :<\/strong><br \/>\nAmaret Chalhoub, Centre Le Baron, Bloc A, 12e \u00e9tage, Zalka \u2013 Metn, Liban.<br \/>\nT\u00e9l\u00e9phone: + 961 1\u00a0900\u00a0857, +961 3 439\u00a0555[\/vc_column_text][\/vc_column][\/vc_row][vc_row css_animation=&#8221;&#8221; row_type=&#8221;row&#8221; use_row_as_full_screen_section=&#8221;no&#8221; type=&#8221;grid&#8221; angled_section=&#8221;no&#8221; text_align=&#8221;left&#8221; background_image_as_pattern=&#8221;without_pattern&#8221; padding_top=&#8221;75&#8243; padding_bottom=&#8221;75&#8243; css=&#8221;.vc_custom_1557806669251{margin-bottom: 30px !important;background-color: #f4f4f4 !important;}&#8221; z_index=&#8221;&#8221;][vc_column][vc_column_text]<\/p>\n<h3 style=\"color: #005375;\">Enqu\u00eate et investigations<\/h3>\n<p>[\/vc_column_text][vc_separator type=&#8221;small&#8221; position=&#8221;left&#8221; color=&#8221;#005474&#8243; width=&#8221;30&#8243; up=&#8221;24&#8243; down=&#8221;40&#8243;][vc_column_text]<img class=\"nicepic alignleft wp-image-16345 size-full\" src=\"http:\/\/www.mhgavocats.com\/wp-content\/uploads\/2019\/05\/pic1.jpg\" alt=\"\" width=\"400\" \/><\/p>\n<p>En partenariat avec une agence d\u2019investigation accr\u00e9dit\u00e9e, nous offrons \u00e0 notre client\u00e8le des services d\u2019enqu\u00eates et d\u2019investigations. Nos services d\u2019investigations au sein m\u00eame du cabinet nous permettent une analyse multidisciplinaire des dossiers et sont assur\u00e9s par Alfredo Munoz, notre enqu\u00eateur priv\u00e9.<\/p>\n<p>&nbsp;<\/p>\n<p>Expertise, discr\u00e9tion, loyaut\u00e9 et confidentialit\u00e9<\/p>\n<p>&nbsp;<\/p>\n<p>Dipl\u00f4m\u00e9 de l\u2019\u00e9cole nationale de police du Qu\u00e9bec, bachelier en \u00e9ducation physique, d\u00e9tenteur d\u2019un certificat en droit de l\u2019Universit\u00e9 de Montr\u00e9al, dipl\u00f4m\u00e9 en protection rapproch\u00e9e du Groupe d\u2019Op\u00e9rations Polici\u00e8res Sp\u00e9ciales (GOPE), et expert en emploi de la force.<\/p>\n<p>&nbsp;<\/p>\n<p>Avec une\u00a0 exp\u00e9rience en s\u00e9curit\u00e9 et enqu\u00eates priv\u00e9es au niveau national et international,\u00a0 ayant oeuvr\u00e9 en tant que enqu\u00eateur au crime organis\u00e9 et aux stup\u00e9fiants du service de police de la ville de Montr\u00e9al (SPVM), avec plus de 30 ans d\u2019exp\u00e9rience cumul\u00e9e en enqu\u00eates au priv\u00e9 et au public, Monsieur Munoz assure la direction et le suivi des op\u00e9rations du d\u00e9partement d\u2019Investigations du cabinet.[\/vc_column_text][\/vc_column][\/vc_row]<\/p>\n","protected":false},"excerpt":{"rendered":"<p>[vc_row css_animation=&#8221;&#8221; row_type=&#8221;row&#8221; use_row_as_full_screen_section=&#8221;no&#8221; type=&#8221;grid&#8221; angled_section=&#8221;no&#8221; text_align=&#8221;left&#8221; background_image_as_pattern=&#8221;without_pattern&#8221; padding_top=&#8221;75&#8243; padding_bottom=&#8221;75&#8243; css=&#8221;.vc_custom_1452460756363{margin-bottom: 30px !important;}&#8221; el_id=&#8221;immigration&#8221;][vc_column][vc_separator type=&#8221;transparent&#8221; up=&#8221;26&#8243; down=&#8221;0&#8243;][vc_column_text] Marie-H\u00e9l\u00e8ne Giroux Lawyers OUR SERVICES [\/vc_column_text][vc_separator type=&#8221;small&#8221; position=&#8221;center&#8221; color=&#8221;#005474&#8243; width=&#8221;40&#8243; up=&#8221;40&#8243; down=&#8221;40&#8243;][vc_column_text] Anciennement connu sous le nom de Monterosso Giroux Avocats, notre cabinet fait peau neuve avec le&#8230;<\/p>\n","protected":false},"author":1,"featured_media":0,"parent":0,"menu_order":0,"comment_status":"closed","ping_status":"closed","template":"full_width.php","meta":[],"yoast_head":"<!-- This site is optimized with the Yoast SEO plugin v18.9 - https:\/\/yoast.com\/wordpress\/plugins\/seo\/ -->\n<title>Activities - Me Marie-H\u00e9l\u00e8ne Giroux lawyers, s.n.<\/title>\n<meta name=\"robots\" content=\"index, follow, max-snippet:-1, max-image-preview:large, max-video-preview:-1\" \/>\n<link rel=\"canonical\" href=\"https:\/\/www.mhgavocats.com\/en\/activities\/\" \/>\n<meta property=\"og:locale\" content=\"en_US\" \/>\n<meta property=\"og:type\" content=\"article\" \/>\n<meta property=\"og:title\" content=\"Activities - Me Marie-H\u00e9l\u00e8ne Giroux lawyers, s.n.\" \/>\n<meta property=\"og:description\" content=\"[vc_row css_animation=&#8221;&#8221; row_type=&#8221;row&#8221; use_row_as_full_screen_section=&#8221;no&#8221; type=&#8221;grid&#8221; angled_section=&#8221;no&#8221; text_align=&#8221;left&#8221; background_image_as_pattern=&#8221;without_pattern&#8221; padding_top=&#8221;75&#8243; padding_bottom=&#8221;75&#8243; css=&#8221;.vc_custom_1452460756363{margin-bottom: 30px !important;}&#8221; el_id=&#8221;immigration&#8221;][vc_column][vc_separator type=&#8221;transparent&#8221; up=&#8221;26&#8243; down=&#8221;0&#8243;][vc_column_text] Marie-H\u00e9l\u00e8ne Giroux Lawyers OUR SERVICES [\/vc_column_text][vc_separator type=&#8221;small&#8221; position=&#8221;center&#8221; color=&#8221;#005474&#8243; width=&#8221;40&#8243; up=&#8221;40&#8243; down=&#8221;40&#8243;][vc_column_text] Anciennement connu sous le nom de Monterosso Giroux Avocats, notre cabinet fait peau neuve avec le...\" \/>\n<meta property=\"og:url\" content=\"https:\/\/www.mhgavocats.com\/en\/activities\/\" \/>\n<meta property=\"og:site_name\" content=\"Me Marie-H\u00e9l\u00e8ne Giroux lawyers, s.n.\" \/>\n<meta property=\"article:modified_time\" content=\"2022-02-25T05:46:44+00:00\" \/>\n<meta property=\"og:image\" content=\"http:\/\/www.mhgavocats.com\/wp-content\/uploads\/2014\/05\/shutterstock_300098624-e1450759041646.jpg\" \/>\n<meta name=\"twitter:card\" content=\"summary\" \/>\n<meta name=\"twitter:label1\" content=\"Est. reading time\" \/>\n\t<meta name=\"twitter:data1\" content=\"-1184 minutes\" \/>\n<script type=\"application\/ld+json\" class=\"yoast-schema-graph\">{\"@context\":\"https:\/\/schema.org\",\"@graph\":[{\"@type\":\"WebSite\",\"@id\":\"https:\/\/www.mhgavocats.com\/en\/#website\",\"url\":\"https:\/\/www.mhgavocats.com\/en\/\",\"name\":\"Me Marie-H\u00e9l\u00e8ne Giroux lawyers, s.n.\",\"description\":\"Specialists in criminal and penal law.\",\"potentialAction\":[{\"@type\":\"SearchAction\",\"target\":{\"@type\":\"EntryPoint\",\"urlTemplate\":\"https:\/\/www.mhgavocats.com\/en\/?s={search_term_string}\"},\"query-input\":\"required name=search_term_string\"}],\"inLanguage\":\"en-US\"},{\"@type\":\"ImageObject\",\"inLanguage\":\"en-US\",\"@id\":\"https:\/\/www.mhgavocats.com\/en\/activities\/#primaryimage\",\"url\":\"http:\/\/www.mhgavocats.com\/wp-content\/uploads\/2014\/05\/shutterstock_300098624-e1450759041646.jpg\",\"contentUrl\":\"http:\/\/www.mhgavocats.com\/wp-content\/uploads\/2014\/05\/shutterstock_300098624-e1450759041646.jpg\"},{\"@type\":\"WebPage\",\"@id\":\"https:\/\/www.mhgavocats.com\/en\/activities\/#webpage\",\"url\":\"https:\/\/www.mhgavocats.com\/en\/activities\/\",\"name\":\"Activities - Me Marie-H\u00e9l\u00e8ne Giroux lawyers, s.n.\",\"isPartOf\":{\"@id\":\"https:\/\/www.mhgavocats.com\/en\/#website\"},\"primaryImageOfPage\":{\"@id\":\"https:\/\/www.mhgavocats.com\/en\/activities\/#primaryimage\"},\"datePublished\":\"2015-05-06T14:18:55+00:00\",\"dateModified\":\"2022-02-25T05:46:44+00:00\",\"breadcrumb\":{\"@id\":\"https:\/\/www.mhgavocats.com\/en\/activities\/#breadcrumb\"},\"inLanguage\":\"en-US\",\"potentialAction\":[{\"@type\":\"ReadAction\",\"target\":[\"https:\/\/www.mhgavocats.com\/en\/activities\/\"]}]},{\"@type\":\"BreadcrumbList\",\"@id\":\"https:\/\/www.mhgavocats.com\/en\/activities\/#breadcrumb\",\"itemListElement\":[{\"@type\":\"ListItem\",\"position\":1,\"name\":\"Accueil\",\"item\":\"https:\/\/www.mhgavocats.com\/en\/\"},{\"@type\":\"ListItem\",\"position\":2,\"name\":\"Activities\"}]}]}<\/script>\n<!-- \/ Yoast SEO plugin. -->","yoast_head_json":{"title":"Activities - Me Marie-H\u00e9l\u00e8ne Giroux lawyers, s.n.","robots":{"index":"index","follow":"follow","max-snippet":"max-snippet:-1","max-image-preview":"max-image-preview:large","max-video-preview":"max-video-preview:-1"},"canonical":"https:\/\/www.mhgavocats.com\/en\/activities\/","og_locale":"en_US","og_type":"article","og_title":"Activities - Me Marie-H\u00e9l\u00e8ne Giroux lawyers, s.n.","og_description":"[vc_row css_animation=&#8221;&#8221; row_type=&#8221;row&#8221; use_row_as_full_screen_section=&#8221;no&#8221; type=&#8221;grid&#8221; angled_section=&#8221;no&#8221; text_align=&#8221;left&#8221; background_image_as_pattern=&#8221;without_pattern&#8221; padding_top=&#8221;75&#8243; padding_bottom=&#8221;75&#8243; css=&#8221;.vc_custom_1452460756363{margin-bottom: 30px !important;}&#8221; el_id=&#8221;immigration&#8221;][vc_column][vc_separator type=&#8221;transparent&#8221; up=&#8221;26&#8243; down=&#8221;0&#8243;][vc_column_text] Marie-H\u00e9l\u00e8ne Giroux Lawyers OUR SERVICES [\/vc_column_text][vc_separator type=&#8221;small&#8221; position=&#8221;center&#8221; color=&#8221;#005474&#8243; width=&#8221;40&#8243; up=&#8221;40&#8243; down=&#8221;40&#8243;][vc_column_text] Anciennement connu sous le nom de Monterosso Giroux Avocats, notre cabinet fait peau neuve avec le...","og_url":"https:\/\/www.mhgavocats.com\/en\/activities\/","og_site_name":"Me Marie-H\u00e9l\u00e8ne Giroux lawyers, s.n.","article_modified_time":"2022-02-25T05:46:44+00:00","og_image":[{"url":"http:\/\/www.mhgavocats.com\/wp-content\/uploads\/2014\/05\/shutterstock_300098624-e1450759041646.jpg"}],"twitter_card":"summary","twitter_misc":{"Est. reading time":"-1184 minutes"},"schema":{"@context":"https:\/\/schema.org","@graph":[{"@type":"WebSite","@id":"https:\/\/www.mhgavocats.com\/en\/#website","url":"https:\/\/www.mhgavocats.com\/en\/","name":"Me Marie-H\u00e9l\u00e8ne Giroux lawyers, s.n.","description":"Specialists in criminal and penal law.","potentialAction":[{"@type":"SearchAction","target":{"@type":"EntryPoint","urlTemplate":"https:\/\/www.mhgavocats.com\/en\/?s={search_term_string}"},"query-input":"required name=search_term_string"}],"inLanguage":"en-US"},{"@type":"ImageObject","inLanguage":"en-US","@id":"https:\/\/www.mhgavocats.com\/en\/activities\/#primaryimage","url":"http:\/\/www.mhgavocats.com\/wp-content\/uploads\/2014\/05\/shutterstock_300098624-e1450759041646.jpg","contentUrl":"http:\/\/www.mhgavocats.com\/wp-content\/uploads\/2014\/05\/shutterstock_300098624-e1450759041646.jpg"},{"@type":"WebPage","@id":"https:\/\/www.mhgavocats.com\/en\/activities\/#webpage","url":"https:\/\/www.mhgavocats.com\/en\/activities\/","name":"Activities - Me Marie-H\u00e9l\u00e8ne Giroux lawyers, s.n.","isPartOf":{"@id":"https:\/\/www.mhgavocats.com\/en\/#website"},"primaryImageOfPage":{"@id":"https:\/\/www.mhgavocats.com\/en\/activities\/#primaryimage"},"datePublished":"2015-05-06T14:18:55+00:00","dateModified":"2022-02-25T05:46:44+00:00","breadcrumb":{"@id":"https:\/\/www.mhgavocats.com\/en\/activities\/#breadcrumb"},"inLanguage":"en-US","potentialAction":[{"@type":"ReadAction","target":["https:\/\/www.mhgavocats.com\/en\/activities\/"]}]},{"@type":"BreadcrumbList","@id":"https:\/\/www.mhgavocats.com\/en\/activities\/#breadcrumb","itemListElement":[{"@type":"ListItem","position":1,"name":"Accueil","item":"https:\/\/www.mhgavocats.com\/en\/"},{"@type":"ListItem","position":2,"name":"Activities"}]}]}},"_links":{"self":[{"href":"https:\/\/www.mhgavocats.com\/en\/wp-json\/wp\/v2\/pages\/16542"}],"collection":[{"href":"https:\/\/www.mhgavocats.com\/en\/wp-json\/wp\/v2\/pages"}],"about":[{"href":"https:\/\/www.mhgavocats.com\/en\/wp-json\/wp\/v2\/types\/page"}],"author":[{"embeddable":true,"href":"https:\/\/www.mhgavocats.com\/en\/wp-json\/wp\/v2\/users\/1"}],"replies":[{"embeddable":true,"href":"https:\/\/www.mhgavocats.com\/en\/wp-json\/wp\/v2\/comments?post=16542"}],"version-history":[{"count":4,"href":"https:\/\/www.mhgavocats.com\/en\/wp-json\/wp\/v2\/pages\/16542\/revisions"}],"predecessor-version":[{"id":16546,"href":"https:\/\/www.mhgavocats.com\/en\/wp-json\/wp\/v2\/pages\/16542\/revisions\/16546"}],"wp:attachment":[{"href":"https:\/\/www.mhgavocats.com\/en\/wp-json\/wp\/v2\/media?parent=16542"}],"curies":[{"name":"wp","href":"https:\/\/api.w.org\/{rel}","templated":true}]}}